{"id":864,"date":"2024-05-02T15:42:17","date_gmt":"2024-05-02T13:42:17","guid":{"rendered":"https:\/\/loto-distribution.ch\/bingo-box\/"},"modified":"2025-02-26T14:37:11","modified_gmt":"2025-02-26T13:37:11","slug":"bingo-box","status":"publish","type":"page","link":"https:\/\/loto-distribution.ch\/it\/bingo-box\/","title":{"rendered":"Bingo Box"},"content":{"rendered":"<p>[et_pb_section fb_built=&#8221;1&#8243; _builder_version=&#8221;4.22.1&#8243; _module_preset=&#8221;default&#8221; global_colors_info=&#8221;{}&#8221;][et_pb_row column_structure=&#8221;1_3,2_3&#8243; _builder_version=&#8221;4.22.1&#8243; _module_preset=&#8221;default&#8221; global_colors_info=&#8221;{}&#8221;][et_pb_column type=&#8221;1_3&#8243; _builder_version=&#8221;4.22.1&#8243; _module_preset=&#8221;default&#8221; global_colors_info=&#8221;{}&#8221;][et_pb_image src=&#8221;https:\/\/loto-distribution.ch\/wp-content\/uploads\/2024\/04\/maxi-bingo-box-fond.jpeg&#8221; alt=&#8221;Maxi bingo box&#8221; show_in_lightbox=&#8221;on&#8221; align=&#8221;center&#8221; _builder_version=&#8221;4.25.0&#8243; _module_preset=&#8221;default&#8221; width=&#8221;100%&#8221; width_tablet=&#8221;66%&#8221; width_phone=&#8221;100%&#8221; width_last_edited=&#8221;on|phone&#8221; global_colors_info=&#8221;{}&#8221;][\/et_pb_image][\/et_pb_column][et_pb_column type=&#8221;2_3&#8243; _builder_version=&#8221;4.25.0&#8243; _module_preset=&#8221;default&#8221; global_colors_info=&#8221;{}&#8221;][et_pb_text _builder_version=&#8221;4.25.0&#8243; _module_preset=&#8221;default&#8221; header_2_text_align=&#8221;center&#8221; global_colors_info=&#8221;{}&#8221;]<\/p>\n<h2 style=\"text-align: left;\">Bingo Box (magnetica)<\/h2>\n<p>[\/et_pb_text][et_pb_text _builder_version=&#8221;4.25.1&#8243; _module_preset=&#8221;default&#8221; global_colors_info=&#8221;{}&#8221;]<\/p>\n<p>Pensateci per semplificare la vostra esperienza di gioco!<\/p>\n<p>Progettata con attenzione ai dettagli, la nostra <strong>Bingo Box<\/strong> \u00e8 molto pi\u00f9 di un semplice accessorio: \u00e8 una creazione artigianale pensata per deliziare i giocatori pi\u00f9 esigenti. Il suo colore oro e il design raffinato lo rendono un oggetto unico che aggiunger\u00e0 un tocco di glamour alle vostre giocate al <a href=\"https:\/\/www.infoloto.ch\/\" target=\"_blank\" rel=\"noopener\"><strong>lotto<\/strong><\/a>.<\/p>\n<p>La <strong>Bingo Box<\/strong> pu\u00f2 essere fornita con o senza un set di <a href=\"https:\/\/loto-distribution.ch\/jetons-magnetiques\/\"><strong>fiches magnetiche<\/strong><\/a>, che possono essere abilmente riposte nella scatola una volta terminato il gioco. In questo modo si eviter\u00e0 di perdere le fiches. <\/p>\n<p>Disponibile in due misure:<\/p>\n<style type=\"text\/css\" id=\"supsystic-table-1_40273-css\">\/* Here you can add custom CSS for the current table *\/\n\/* Lean more about CSS: https:\/\/en.wikipedia.org\/wiki\/Cascading_Style_Sheets *\/\n\/*\nTo prevent the use of styles to other tables use \"#supsystic-table-1\" as a base selector\nfor example:\n#supsystic-table-1 { ... }\n#supsystic-table-1 tbody { ... }\n#supsystic-table-1 tbody tr { ... }\n*\/\n\ntable.dataTable.cell-border tbody tr td {\n    border: 1px solid #000 !important;\n}\n<\/style>\n<div class=\"supsystic-table-loader spinner\"style=\"background-color:#000000\"><\/div><div id=\"supsystic-table-1_40273\" class=\"supsystic-tables-wrap \" style=\" width:320px; visibility: hidden; \" data-table-width-fixed=\"320px\" data-table-width-mobile=\"320px\" ><table id=\"supsystic-table-1\" class=\"supsystic-table border lightboxImg cell-border\" data-id=\"1\" data-view-id=\"1_40273\" data-title=\"Bingo Box\" data-currency-format=\"$1,000.00\" data-percent-format=\"10.00%\" data-date-format=\"DD.MM.YYYY\" data-time-format=\"HH:mm\" data-features=\"[&quot;after_table_loaded_script&quot;]\" data-search-value=\"\" data-lightbox-img=\"\" data-head-rows-count=\"1\" data-pagination-length=\"50,100,All\" data-auto-index=\"off\" data-searching-settings=\"{&quot;columnSearchPosition&quot;:&quot;bottom&quot;,&quot;minChars&quot;:&quot;0&quot;}\" data-lang=\"default\" data-override=\"{&quot;emptyTable&quot;:&quot;&quot;,&quot;info&quot;:&quot;&quot;,&quot;infoEmpty&quot;:&quot;&quot;,&quot;infoFiltered&quot;:&quot;&quot;,&quot;lengthMenu&quot;:&quot;&quot;,&quot;search&quot;:&quot;&quot;,&quot;previous&quot;:&quot;&quot;,&quot;next&quot;:&quot;&quot;,&quot;zeroRecords&quot;:&quot;&quot;,&quot;exportLabel&quot;:&quot;&quot;,&quot;file&quot;:&quot;default&quot;}\" data-merged=\"[]\" data-responsive-mode=\"0\" data-from-history=\"0\" ><thead><tr><th class=\"\" style=\"width:; padding: 0 !important;\"><\/th><th class=\"\" style=\"width:; padding: 0 !important;\"><\/th><\/tr><\/thead><tbody><tr style=\"height:px\" ><td data-cell-id=\"A1\" data-x=\"0\" data-y=\"1\" data-db-index=\"1\" class=\"\" data-cell-type=\"text\" data-original-value=\"Bingo Box\" data-order=\"Bingo Box\" style=\"min-width:40.0862%; \" >Bingo Box <\/td><td data-cell-id=\"B1\" data-x=\"1\" data-y=\"1\" data-db-index=\"1\" class=\"\" data-cell-type=\"text\" data-original-value=\"10cm D \u2013 4.5cm H\" data-order=\"10cm D \u2013 4.5cm H\" style=\"min-width:59.9138%; \" >10cm D \u2013 4.5cm H <\/td><\/tr><tr style=\"height:px\" ><td data-cell-id=\"A2\" data-x=\"0\" data-y=\"2\" data-db-index=\"2\" class=\"\" data-cell-type=\"text\" data-original-value=\"Maxi Bingo Box\" data-order=\"Maxi Bingo Box\" >Maxi Bingo Box <\/td><td data-cell-id=\"B2\" data-x=\"1\" data-y=\"2\" data-db-index=\"2\" class=\"\" data-cell-type=\"text\" data-original-value=\"10cm D \u2013 8cm H\" data-order=\"10cm D \u2013 8cm H\" >10cm D \u2013 8cm H <\/td><\/tr><\/tbody><\/table><!-- \/#supsystic-table-1.supsystic-table --><\/div><!-- \/.supsystic-tables-wrap --><!-- Tables Generator by Supsystic --><!-- Version:1.11.0 --><!-- http:\/\/supsystic.com\/ --><a title=\"WordPress Tables\" style=\"display:none;\" href=\"https:\/\/supsystic.com\/plugins\/wordpress-data-table-plugin\/?utm_medium=love_link\" target=\"_blank\">WordPress Tables<\/a>\n<p>[\/et_pb_text][et_pb_button button_url=&#8221;@ET-DC@eyJkeW5hbWljIjp0cnVlLCJjb250ZW50IjoicG9zdF9saW5rX3VybF9wYWdlIiwic2V0dGluZ3MiOnsicG9zdF9pZCI6IjQ2In19@&#8221; button_text=&#8221;Comandante&#8221; button_alignment=&#8221;right&#8221; _builder_version=&#8221;4.25.0&#8243; _dynamic_attributes=&#8221;button_url&#8221; _module_preset=&#8221;default&#8221; global_colors_info=&#8221;{}&#8221;][\/et_pb_button][\/et_pb_column][\/et_pb_row][et_pb_row _builder_version=&#8221;4.25.0&#8243; _module_preset=&#8221;default&#8221; global_colors_info=&#8221;{}&#8221;][et_pb_column type=&#8221;4_4&#8243; _builder_version=&#8221;4.25.0&#8243; _module_preset=&#8221;default&#8221; global_colors_info=&#8221;{}&#8221;][et_pb_divider divider_weight=&#8221;5px&#8221; _builder_version=&#8221;4.25.0&#8243; _module_preset=&#8221;default&#8221; global_colors_info=&#8221;{}&#8221;][\/et_pb_divider][\/et_pb_column][\/et_pb_row][et_pb_row column_structure=&#8221;1_3,2_3&#8243; _builder_version=&#8221;4.22.1&#8243; _module_preset=&#8221;default&#8221; global_colors_info=&#8221;{}&#8221;][et_pb_column type=&#8221;1_3&#8243; _builder_version=&#8221;4.22.1&#8243; _module_preset=&#8221;default&#8221; global_colors_info=&#8221;{}&#8221;][et_pb_image src=&#8221;https:\/\/loto-distribution.ch\/wp-content\/uploads\/2024\/04\/maxi-bingo-box-fond.jpeg&#8221; alt=&#8221;Maxi bingo box&#8221; show_in_lightbox=&#8221;on&#8221; align=&#8221;center&#8221; _builder_version=&#8221;4.25.0&#8243; _module_preset=&#8221;default&#8221; width=&#8221;100%&#8221; width_tablet=&#8221;66%&#8221; width_phone=&#8221;100%&#8221; width_last_edited=&#8221;on|phone&#8221; global_colors_info=&#8221;{}&#8221;][\/et_pb_image][\/et_pb_column][et_pb_column type=&#8221;2_3&#8243; _builder_version=&#8221;4.25.0&#8243; _module_preset=&#8221;default&#8221; global_colors_info=&#8221;{}&#8221;][et_pb_text _builder_version=&#8221;4.25.0&#8243; _module_preset=&#8221;default&#8221; header_2_text_align=&#8221;center&#8221; global_colors_info=&#8221;{}&#8221;]<\/p>\n<h2 style=\"text-align: left;\">Bingo Box (senza magnete)<\/h2>\n<p>[\/et_pb_text][et_pb_text _builder_version=&#8221;4.25.0&#8243; _module_preset=&#8221;default&#8221; global_colors_info=&#8221;{}&#8221;]<\/p>\n<p>La <strong>scatola Bingo<\/strong> senza magnete \u00e8 un contenitore versatile per tutti i tipi di oggetti come spille, elastici, graffette, chiodi, chiavi, ecc. Pu\u00f2 essere trasformato in un portagioie o utilizzato per qualsiasi altro scopo. <\/p>\n<p><strong>Si prega di notare<\/strong>: La <strong>Bingo Box<\/strong> non \u00e8 destinata all&#8217;uso alimentare.<\/p>\n<p>Disponibile in due misure:<\/p>\n<style type=\"text\/css\" id=\"supsystic-table-1_84537-css\">\/* Here you can add custom CSS for the current table *\/\n\/* Lean more about CSS: https:\/\/en.wikipedia.org\/wiki\/Cascading_Style_Sheets *\/\n\/*\nTo prevent the use of styles to other tables use \"#supsystic-table-1\" as a base selector\nfor example:\n#supsystic-table-1 { ... }\n#supsystic-table-1 tbody { ... }\n#supsystic-table-1 tbody tr { ... }\n*\/\n\ntable.dataTable.cell-border tbody tr td {\n    border: 1px solid #000 !important;\n}\n<\/style>\n<div class=\"supsystic-table-loader spinner\"style=\"background-color:#000000\"><\/div><div id=\"supsystic-table-1_84537\" class=\"supsystic-tables-wrap \" style=\" width:320px; visibility: hidden; \" data-table-width-fixed=\"320px\" data-table-width-mobile=\"320px\" ><table id=\"supsystic-table-1\" class=\"supsystic-table border lightboxImg cell-border\" data-id=\"1\" data-view-id=\"1_84537\" data-title=\"Bingo Box\" data-currency-format=\"$1,000.00\" data-percent-format=\"10.00%\" data-date-format=\"DD.MM.YYYY\" data-time-format=\"HH:mm\" data-features=\"[&quot;after_table_loaded_script&quot;]\" data-search-value=\"\" data-lightbox-img=\"\" data-head-rows-count=\"1\" data-pagination-length=\"50,100,All\" data-auto-index=\"off\" data-searching-settings=\"{&quot;columnSearchPosition&quot;:&quot;bottom&quot;,&quot;minChars&quot;:&quot;0&quot;}\" data-lang=\"default\" data-override=\"{&quot;emptyTable&quot;:&quot;&quot;,&quot;info&quot;:&quot;&quot;,&quot;infoEmpty&quot;:&quot;&quot;,&quot;infoFiltered&quot;:&quot;&quot;,&quot;lengthMenu&quot;:&quot;&quot;,&quot;search&quot;:&quot;&quot;,&quot;previous&quot;:&quot;&quot;,&quot;next&quot;:&quot;&quot;,&quot;zeroRecords&quot;:&quot;&quot;,&quot;exportLabel&quot;:&quot;&quot;,&quot;file&quot;:&quot;default&quot;}\" data-merged=\"[]\" data-responsive-mode=\"0\" data-from-history=\"0\" ><thead><tr><th class=\"\" style=\"width:; padding: 0 !important;\"><\/th><th class=\"\" style=\"width:; padding: 0 !important;\"><\/th><\/tr><\/thead><tbody><tr style=\"height:px\" ><td data-cell-id=\"A1\" data-x=\"0\" data-y=\"1\" data-db-index=\"1\" class=\"\" data-cell-type=\"text\" data-original-value=\"Bingo Box\" data-order=\"Bingo Box\" style=\"min-width:40.0862%; \" >Bingo Box <\/td><td data-cell-id=\"B1\" data-x=\"1\" data-y=\"1\" data-db-index=\"1\" class=\"\" data-cell-type=\"text\" data-original-value=\"10cm D \u2013 4.5cm H\" data-order=\"10cm D \u2013 4.5cm H\" style=\"min-width:59.9138%; \" >10cm D \u2013 4.5cm H <\/td><\/tr><tr style=\"height:px\" ><td data-cell-id=\"A2\" data-x=\"0\" data-y=\"2\" data-db-index=\"2\" class=\"\" data-cell-type=\"text\" data-original-value=\"Maxi Bingo Box\" data-order=\"Maxi Bingo Box\" >Maxi Bingo Box <\/td><td data-cell-id=\"B2\" data-x=\"1\" data-y=\"2\" data-db-index=\"2\" class=\"\" data-cell-type=\"text\" data-original-value=\"10cm D \u2013 8cm H\" data-order=\"10cm D \u2013 8cm H\" >10cm D \u2013 8cm H <\/td><\/tr><\/tbody><\/table><!-- \/#supsystic-table-1.supsystic-table --><\/div><!-- \/.supsystic-tables-wrap --><!-- Tables Generator by Supsystic --><!-- Version:1.11.0 --><!-- http:\/\/supsystic.com\/ --><a title=\"WordPress Tables\" style=\"display:none;\" href=\"https:\/\/supsystic.com\/plugins\/wordpress-data-table-plugin\/?utm_medium=love_link\" target=\"_blank\">WordPress Tables<\/a>\n<p>[\/et_pb_text][et_pb_button button_url=&#8221;@ET-DC@eyJkeW5hbWljIjp0cnVlLCJjb250ZW50IjoicG9zdF9saW5rX3VybF9wYWdlIiwic2V0dGluZ3MiOnsicG9zdF9pZCI6IjQ2In19@&#8221; button_text=&#8221;Comandante&#8221; button_alignment=&#8221;right&#8221; _builder_version=&#8221;4.25.0&#8243; _dynamic_attributes=&#8221;button_url&#8221; _module_preset=&#8221;default&#8221; global_colors_info=&#8221;{}&#8221;][\/et_pb_button][\/et_pb_column][\/et_pb_row][et_pb_row _builder_version=&#8221;4.25.0&#8243; _module_preset=&#8221;default&#8221; background_enable_color=&#8221;off&#8221; border_radii=&#8221;on|20px|20px|20px|20px&#8221; global_colors_info=&#8221;{}&#8221;][et_pb_column type=&#8221;4_4&#8243; _builder_version=&#8221;4.25.0&#8243; _module_preset=&#8221;default&#8221; global_colors_info=&#8221;{}&#8221;][et_pb_gallery gallery_ids=&#8221;310,315,314,313,311,312&#8243; hover_icon=&#8221;0||divi||400&#8243; _builder_version=&#8221;4.25.0&#8243; _module_preset=&#8221;default&#8221; global_colors_info=&#8221;{}&#8221;][\/et_pb_gallery][\/et_pb_column][\/et_pb_row][\/et_pb_section]<\/p>\n","protected":false},"excerpt":{"rendered":"<p>Bingo Box (magnetica)Pensateci per semplificare la vostra esperienza di gioco! Progettata con attenzione ai dettagli, la nostra Bingo Box \u00e8 molto pi\u00f9 di un semplice accessorio: \u00e8 una creazione artigianale pensata per deliziare i giocatori pi\u00f9 esigenti. Il suo colore oro e il design raffinato lo rendono un oggetto unico che aggiunger\u00e0 un tocco di [&hellip;]<\/p>\n","protected":false},"author":2,"featured_media":0,"parent":0,"menu_order":0,"comment_status":"closed","ping_status":"closed","template":"","meta":{"_et_pb_use_builder":"on","_et_pb_old_content":"","_et_gb_content_width":"","footnotes":""},"class_list":["post-864","page","type-page","status-publish","hentry"],"yoast_head":"<!-- This site is optimized with the Yoast SEO plugin v27.3 - https:\/\/yoast.com\/product\/yoast-seo-wordpress\/ -->\n<title>Bingo Box - Loto Distribution<\/title>\n<meta name=\"description\" content=\"La nostra Bingo Box consente di conservare le fiches magnetiche ma anche di prelevarle rapidamente grazie alla sua versione magnetica.\" \/>\n<meta name=\"robots\" content=\"index, follow, max-snippet:-1, max-image-preview:large, max-video-preview:-1\" \/>\n<link rel=\"canonical\" href=\"https:\/\/loto-distribution.ch\/it\/bingo-box\/\" \/>\n<meta property=\"og:locale\" content=\"it_IT\" \/>\n<meta property=\"og:type\" content=\"article\" \/>\n<meta property=\"og:title\" content=\"Bingo Box - Loto Distribution\" \/>\n<meta property=\"og:description\" content=\"La nostra Bingo Box consente di conservare le fiches magnetiche ma anche di prelevarle rapidamente grazie alla sua versione magnetica.\" \/>\n<meta property=\"og:url\" content=\"https:\/\/loto-distribution.ch\/it\/bingo-box\/\" \/>\n<meta property=\"og:site_name\" content=\"Loto Distribution\" \/>\n<meta property=\"article:modified_time\" content=\"2025-02-26T13:37:11+00:00\" \/>\n<meta property=\"og:image\" content=\"https:\/\/loto-distribution.ch\/wp-content\/uploads\/2024\/05\/logo-loto-distribution.png\" \/>\n\t<meta property=\"og:image:width\" content=\"1200\" \/>\n\t<meta property=\"og:image:height\" content=\"675\" \/>\n\t<meta property=\"og:image:type\" content=\"image\/png\" \/>\n<meta name=\"twitter:card\" content=\"summary_large_image\" \/>\n<meta name=\"twitter:label1\" content=\"Tempo di lettura stimato\" \/>\n\t<meta name=\"twitter:data1\" content=\"3 minuti\" \/>\n<script type=\"application\/ld+json\" class=\"yoast-schema-graph\">{\"@context\":\"https:\\\/\\\/schema.org\",\"@graph\":[{\"@type\":\"WebPage\",\"@id\":\"https:\\\/\\\/loto-distribution.ch\\\/it\\\/bingo-box\\\/\",\"url\":\"https:\\\/\\\/loto-distribution.ch\\\/it\\\/bingo-box\\\/\",\"name\":\"Bingo Box - Loto Distribution\",\"isPartOf\":{\"@id\":\"https:\\\/\\\/loto-distribution.ch\\\/it\\\/#website\"},\"datePublished\":\"2024-05-02T13:42:17+00:00\",\"dateModified\":\"2025-02-26T13:37:11+00:00\",\"description\":\"La nostra Bingo Box consente di conservare le fiches magnetiche ma anche di prelevarle rapidamente grazie alla sua versione magnetica.\",\"breadcrumb\":{\"@id\":\"https:\\\/\\\/loto-distribution.ch\\\/it\\\/bingo-box\\\/#breadcrumb\"},\"inLanguage\":\"it-IT\",\"potentialAction\":[{\"@type\":\"ReadAction\",\"target\":[\"https:\\\/\\\/loto-distribution.ch\\\/it\\\/bingo-box\\\/\"]}]},{\"@type\":\"BreadcrumbList\",\"@id\":\"https:\\\/\\\/loto-distribution.ch\\\/it\\\/bingo-box\\\/#breadcrumb\",\"itemListElement\":[{\"@type\":\"ListItem\",\"position\":1,\"name\":\"Accueil\",\"item\":\"https:\\\/\\\/loto-distribution.ch\\\/it\\\/\"},{\"@type\":\"ListItem\",\"position\":2,\"name\":\"Bingo Box\"}]},{\"@type\":\"WebSite\",\"@id\":\"https:\\\/\\\/loto-distribution.ch\\\/it\\\/#website\",\"url\":\"https:\\\/\\\/loto-distribution.ch\\\/it\\\/\",\"name\":\"Loto Distribution\",\"description\":\"Home of the Bingo Box\",\"publisher\":{\"@id\":\"https:\\\/\\\/loto-distribution.ch\\\/it\\\/#organization\"},\"potentialAction\":[{\"@type\":\"SearchAction\",\"target\":{\"@type\":\"EntryPoint\",\"urlTemplate\":\"https:\\\/\\\/loto-distribution.ch\\\/it\\\/?s={search_term_string}\"},\"query-input\":{\"@type\":\"PropertyValueSpecification\",\"valueRequired\":true,\"valueName\":\"search_term_string\"}}],\"inLanguage\":\"it-IT\"},{\"@type\":\"Organization\",\"@id\":\"https:\\\/\\\/loto-distribution.ch\\\/it\\\/#organization\",\"name\":\"Loto Distribution\",\"url\":\"https:\\\/\\\/loto-distribution.ch\\\/it\\\/\",\"logo\":{\"@type\":\"ImageObject\",\"inLanguage\":\"it-IT\",\"@id\":\"https:\\\/\\\/loto-distribution.ch\\\/it\\\/#\\\/schema\\\/logo\\\/image\\\/\",\"url\":\"https:\\\/\\\/loto-distribution.ch\\\/wp-content\\\/uploads\\\/2024\\\/05\\\/OR.png\",\"contentUrl\":\"https:\\\/\\\/loto-distribution.ch\\\/wp-content\\\/uploads\\\/2024\\\/05\\\/OR.png\",\"width\":4501,\"height\":4501,\"caption\":\"Loto Distribution\"},\"image\":{\"@id\":\"https:\\\/\\\/loto-distribution.ch\\\/it\\\/#\\\/schema\\\/logo\\\/image\\\/\"}}]}<\/script>\n<!-- \/ Yoast SEO plugin. -->","yoast_head_json":{"title":"Bingo Box - Loto Distribution","description":"La nostra Bingo Box consente di conservare le fiches magnetiche ma anche di prelevarle rapidamente grazie alla sua versione magnetica.","robots":{"index":"index","follow":"follow","max-snippet":"max-snippet:-1","max-image-preview":"max-image-preview:large","max-video-preview":"max-video-preview:-1"},"canonical":"https:\/\/loto-distribution.ch\/it\/bingo-box\/","og_locale":"it_IT","og_type":"article","og_title":"Bingo Box - Loto Distribution","og_description":"La nostra Bingo Box consente di conservare le fiches magnetiche ma anche di prelevarle rapidamente grazie alla sua versione magnetica.","og_url":"https:\/\/loto-distribution.ch\/it\/bingo-box\/","og_site_name":"Loto Distribution","article_modified_time":"2025-02-26T13:37:11+00:00","og_image":[{"width":1200,"height":675,"url":"https:\/\/loto-distribution.ch\/wp-content\/uploads\/2024\/05\/logo-loto-distribution.png","type":"image\/png"}],"twitter_card":"summary_large_image","twitter_misc":{"Tempo di lettura stimato":"3 minuti"},"schema":{"@context":"https:\/\/schema.org","@graph":[{"@type":"WebPage","@id":"https:\/\/loto-distribution.ch\/it\/bingo-box\/","url":"https:\/\/loto-distribution.ch\/it\/bingo-box\/","name":"Bingo Box - Loto Distribution","isPartOf":{"@id":"https:\/\/loto-distribution.ch\/it\/#website"},"datePublished":"2024-05-02T13:42:17+00:00","dateModified":"2025-02-26T13:37:11+00:00","description":"La nostra Bingo Box consente di conservare le fiches magnetiche ma anche di prelevarle rapidamente grazie alla sua versione magnetica.","breadcrumb":{"@id":"https:\/\/loto-distribution.ch\/it\/bingo-box\/#breadcrumb"},"inLanguage":"it-IT","potentialAction":[{"@type":"ReadAction","target":["https:\/\/loto-distribution.ch\/it\/bingo-box\/"]}]},{"@type":"BreadcrumbList","@id":"https:\/\/loto-distribution.ch\/it\/bingo-box\/#breadcrumb","itemListElement":[{"@type":"ListItem","position":1,"name":"Accueil","item":"https:\/\/loto-distribution.ch\/it\/"},{"@type":"ListItem","position":2,"name":"Bingo Box"}]},{"@type":"WebSite","@id":"https:\/\/loto-distribution.ch\/it\/#website","url":"https:\/\/loto-distribution.ch\/it\/","name":"Loto Distribution","description":"Home of the Bingo Box","publisher":{"@id":"https:\/\/loto-distribution.ch\/it\/#organization"},"potentialAction":[{"@type":"SearchAction","target":{"@type":"EntryPoint","urlTemplate":"https:\/\/loto-distribution.ch\/it\/?s={search_term_string}"},"query-input":{"@type":"PropertyValueSpecification","valueRequired":true,"valueName":"search_term_string"}}],"inLanguage":"it-IT"},{"@type":"Organization","@id":"https:\/\/loto-distribution.ch\/it\/#organization","name":"Loto Distribution","url":"https:\/\/loto-distribution.ch\/it\/","logo":{"@type":"ImageObject","inLanguage":"it-IT","@id":"https:\/\/loto-distribution.ch\/it\/#\/schema\/logo\/image\/","url":"https:\/\/loto-distribution.ch\/wp-content\/uploads\/2024\/05\/OR.png","contentUrl":"https:\/\/loto-distribution.ch\/wp-content\/uploads\/2024\/05\/OR.png","width":4501,"height":4501,"caption":"Loto Distribution"},"image":{"@id":"https:\/\/loto-distribution.ch\/it\/#\/schema\/logo\/image\/"}}]}},"_links":{"self":[{"href":"https:\/\/loto-distribution.ch\/it\/wp-json\/wp\/v2\/pages\/864","targetHints":{"allow":["GET"]}}],"collection":[{"href":"https:\/\/loto-distribution.ch\/it\/wp-json\/wp\/v2\/pages"}],"about":[{"href":"https:\/\/loto-distribution.ch\/it\/wp-json\/wp\/v2\/types\/page"}],"author":[{"embeddable":true,"href":"https:\/\/loto-distribution.ch\/it\/wp-json\/wp\/v2\/users\/2"}],"replies":[{"embeddable":true,"href":"https:\/\/loto-distribution.ch\/it\/wp-json\/wp\/v2\/comments?post=864"}],"version-history":[{"count":2,"href":"https:\/\/loto-distribution.ch\/it\/wp-json\/wp\/v2\/pages\/864\/revisions"}],"predecessor-version":[{"id":872,"href":"https:\/\/loto-distribution.ch\/it\/wp-json\/wp\/v2\/pages\/864\/revisions\/872"}],"wp:attachment":[{"href":"https:\/\/loto-distribution.ch\/it\/wp-json\/wp\/v2\/media?parent=864"}],"curies":[{"name":"wp","href":"https:\/\/api.w.org\/{rel}","templated":true}]}}