{"id":853,"date":"2023-11-22T15:31:52","date_gmt":"2023-11-22T14:31:52","guid":{"rendered":"https:\/\/loto-distribution.ch\/home-page\/"},"modified":"2025-03-12T15:39:30","modified_gmt":"2025-03-12T14:39:30","slug":"home-page","status":"publish","type":"page","link":"https:\/\/loto-distribution.ch\/it\/","title":{"rendered":"Home page"},"content":{"rendered":"<p>[et_pb_section fb_built=&#8221;1&#8243; fullwidth=&#8221;on&#8221; _builder_version=&#8221;4.25.0&#8243; _module_preset=&#8221;default&#8221; background_color=&#8221;rgba(255,255,255,0.35)&#8221; background_image=&#8221;https:\/\/loto-distribution.ch\/wp-content\/uploads\/2024\/05\/Banner_loto_1.png&#8221; background_blend=&#8221;overlay&#8221; min_height=&#8221;220px&#8221; height=&#8221;220px&#8221; collapsed=&#8221;on&#8221; global_colors_info=&#8221;{}&#8221;][\/et_pb_section][et_pb_section fb_built=&#8221;1&#8243; _builder_version=&#8221;4.25.0&#8243; _module_preset=&#8221;default&#8221; custom_margin=&#8221;||0px||false|false&#8221; custom_padding=&#8221;||0px||false|false&#8221; collapsed=&#8221;off&#8221; global_colors_info=&#8221;{}&#8221;][et_pb_row _builder_version=&#8221;4.22.1&#8243; _module_preset=&#8221;default&#8221; global_colors_info=&#8221;{}&#8221;][et_pb_column type=&#8221;4_4&#8243; _builder_version=&#8221;4.22.1&#8243; _module_preset=&#8221;default&#8221; global_colors_info=&#8221;{}&#8221;][et_pb_text _builder_version=&#8221;4.25.0&#8243; _module_preset=&#8221;default&#8221; global_colors_info=&#8221;{}&#8221;]<\/p>\n<h1>Il vostro partner di fiducia per gli accessori del lotto!<\/h1>\n<p>[\/et_pb_text][et_pb_text _builder_version=&#8221;4.25.1&#8243; _module_preset=&#8221;default&#8221; global_colors_info=&#8221;{}&#8221;]<\/p>\n<p>Loto Distribution \u00e8 la vostra destinazione online per tutto ci\u00f2 che vi serve per giocare alla lotteria senza problemi! Dal 1991 siamo specializzati in <strong>accessori per il lotto<\/strong> e abbiamo creato la <a href=\"https:\/\/loto-distribution.ch\/bingo-box\/\"><strong>Bingo Box<\/strong><\/a>. Che siate appassionati di lunga data o principianti, troverete gli articoli che i giocatori di lotto amano.<\/p>\n<p>Scoprite la nostra selezione di scatole <a href=\"https:\/\/loto-distribution.ch\/bingo-box\/\"><strong>Bingo<\/strong><\/a> (classiche o maxi), <a href=\"https:\/\/loto-distribution.ch\/baton-aimante-jetons\/\"><strong>bastoncini magnetici<\/strong><\/a>, <a href=\"https:\/\/loto-distribution.ch\/feutres-couleur\/\"><strong>pennarelli<\/strong><\/a> e <a href=\"https:\/\/loto-distribution.ch\/jetons-magnetiques\/\"><strong>fiches magnetiche<\/strong><\/a>! Ognuno di questi articoli \u00e8 stato accuratamente progettato per offrire un&#8217;esperienza di gioco fluida e piacevole, sia a casa che in occasione di eventi speciali.<\/p>\n<p>Sfogliate il nostro <a href=\"https:\/\/loto-distribution.ch\/boutique\/\">negozio<\/a> per trovare gli accessori del <a href=\"https:\/\/www.infoloto.ch\/\" target=\"_blank\" rel=\"noopener\">lotto<\/a> perfetti da aggiungere alla vostra collezione o da regalare a un amico.<\/p>\n<p><em>Per Loto Distribution la vostra soddisfazione \u00e8 la nostra priorit\u00e0. Ci impegniamo a offrirvi prodotti di alta gamma e un servizio eccezionale per ogni ordine.<\/em><\/p>\n<p>[\/et_pb_text][et_pb_divider divider_weight=&#8221;5px&#8221; _builder_version=&#8221;4.24.3&#8243; _module_preset=&#8221;default&#8221; global_colors_info=&#8221;{}&#8221;][\/et_pb_divider][\/et_pb_column][\/et_pb_row][\/et_pb_section][et_pb_section fb_built=&#8221;1&#8243; module_id=&#8221;ancre_produits&#8221; _builder_version=&#8221;4.25.0&#8243; _module_preset=&#8221;default&#8221; custom_margin=&#8221;0px||||false|false&#8221; custom_padding=&#8221;0px||||false|false&#8221; collapsed=&#8221;off&#8221; global_colors_info=&#8221;{}&#8221;][et_pb_row column_structure=&#8221;1_3,2_3&#8243; module_class=&#8221;reverse-columns-mobile&#8221; _builder_version=&#8221;4.24.3&#8243; _module_preset=&#8221;default&#8221; global_colors_info=&#8221;{}&#8221;][et_pb_column type=&#8221;1_3&#8243; _builder_version=&#8221;4.24.3&#8243; _module_preset=&#8221;default&#8221; global_colors_info=&#8221;{}&#8221;][et_pb_image src=&#8221;https:\/\/loto-distribution.ch\/wp-content\/uploads\/2024\/04\/maxi-bingo-box-fond.jpeg&#8221; alt=&#8221;Maxi bingo box&#8221; align=&#8221;center&#8221; _builder_version=&#8221;4.25.0&#8243; _module_preset=&#8221;default&#8221; width=&#8221;100%&#8221; width_tablet=&#8221;48%&#8221; width_phone=&#8221;100%&#8221; width_last_edited=&#8221;on|phone&#8221; custom_margin=&#8221;30px||||false|false&#8221; custom_margin_tablet=&#8221;50px||||false|false&#8221; custom_margin_phone=&#8221;50px||||false|false&#8221; custom_margin_last_edited=&#8221;on|tablet&#8221; global_colors_info=&#8221;{}&#8221;][\/et_pb_image][\/et_pb_column][et_pb_column type=&#8221;2_3&#8243; _builder_version=&#8221;4.24.3&#8243; _module_preset=&#8221;default&#8221; global_colors_info=&#8221;{}&#8221;][et_pb_text _builder_version=&#8221;4.25.0&#8243; _module_preset=&#8221;default&#8221; global_colors_info=&#8221;{}&#8221;]<\/p>\n<h2>Bingo Box<\/h2>\n<p>[\/et_pb_text][et_pb_text _builder_version=&#8221;4.25.0&#8243; _module_preset=&#8221;default&#8221; global_colors_info=&#8221;{}&#8221;]<\/p>\n<p>Pensateci per semplificare la vostra esperienza di gioco!<\/p>\n<p>Progettata con attenzione ai dettagli, la nostra Bingo Box \u00e8 molto pi\u00f9 di un semplice accessorio: \u00e8 una creazione artigianale pensata per deliziare i giocatori pi\u00f9 esigenti. Il suo colore oro e il design raffinato lo rendono un oggetto unico che aggiunger\u00e0 un tocco di glamour alle vostre giocate al lotto.<\/p>\n<p>[\/et_pb_text][et_pb_button button_url=&#8221;https:\/\/loto-distribution.ch\/it\/bingo-box\/&#8221; button_text=&#8221;Per saperne di pi\u00f9&#8221; button_alignment=&#8221;right&#8221; button_alignment_tablet=&#8221;left&#8221; button_alignment_phone=&#8221;left&#8221; button_alignment_last_edited=&#8221;on|tablet&#8221; _builder_version=&#8221;4.27.4&#8243; _module_preset=&#8221;default&#8221; hover_enabled=&#8221;0&#8243; global_colors_info=&#8221;{}&#8221; sticky_enabled=&#8221;0&#8243;][\/et_pb_button][\/et_pb_column][\/et_pb_row][et_pb_row _builder_version=&#8221;4.25.0&#8243; _module_preset=&#8221;default&#8221; collapsed=&#8221;off&#8221; global_colors_info=&#8221;{}&#8221;][et_pb_column type=&#8221;4_4&#8243; _builder_version=&#8221;4.25.0&#8243; _module_preset=&#8221;default&#8221; global_colors_info=&#8221;{}&#8221;][et_pb_divider divider_weight=&#8221;5px&#8221; _builder_version=&#8221;4.24.3&#8243; _module_preset=&#8221;default&#8221; global_colors_info=&#8221;{}&#8221;][\/et_pb_divider][\/et_pb_column][\/et_pb_row][et_pb_row column_structure=&#8221;2_3,1_3&#8243; _builder_version=&#8221;4.24.3&#8243; _module_preset=&#8221;default&#8221; global_colors_info=&#8221;{}&#8221;][et_pb_column type=&#8221;2_3&#8243; _builder_version=&#8221;4.24.3&#8243; _module_preset=&#8221;default&#8221; global_colors_info=&#8221;{}&#8221;][et_pb_text _builder_version=&#8221;4.25.0&#8243; _module_preset=&#8221;default&#8221; global_colors_info=&#8221;{}&#8221;]<\/p>\n<h2>Bastone magnetico e 100 gettoni<\/h2>\n<p>[\/et_pb_text][et_pb_text _builder_version=&#8221;4.25.0&#8243; _module_preset=&#8221;default&#8221; global_colors_info=&#8221;{}&#8221;]<\/p>\n<p>Sfogliate la nostra gamma di bastoncini magnetici di alta qualit\u00e0, progettati per facilitare la raccolta delle fiches sulle carte del lotto senza il minimo sforzo. Niente pi\u00f9 rotolamenti o perdite di fiches: i nostri bastoncini magnetici semplificano il gioco e permettono di concentrarsi su ci\u00f2 che \u00e8 importante: vincere!<\/p>\n<p>[\/et_pb_text][et_pb_button button_url=&#8221;@ET-DC@eyJkeW5hbWljIjp0cnVlLCJjb250ZW50IjoicG9zdF9saW5rX3VybF9wYWdlIiwic2V0dGluZ3MiOnsicG9zdF9pZCI6IjMwMyJ9fQ==@&#8221; button_text=&#8221;Per saperne di pi\u00f9&#8221; button_alignment=&#8221;left&#8221; _builder_version=&#8221;4.25.0&#8243; _dynamic_attributes=&#8221;button_url&#8221; _module_preset=&#8221;default&#8221; global_colors_info=&#8221;{}&#8221;][\/et_pb_button][\/et_pb_column][et_pb_column type=&#8221;1_3&#8243; _builder_version=&#8221;4.24.3&#8243; _module_preset=&#8221;default&#8221; global_colors_info=&#8221;{}&#8221;][et_pb_image src=&#8221;https:\/\/loto-distribution.ch\/wp-content\/uploads\/2024\/04\/baton-aimante-et-jetons-fond.jpeg&#8221; alt=&#8221;Bastone magnetico rosa e gettoni magnetici&#8221; align=&#8221;center&#8221; _builder_version=&#8221;4.25.0&#8243; _module_preset=&#8221;default&#8221; width=&#8221;100%&#8221; width_tablet=&#8221;48%&#8221; width_phone=&#8221;100%&#8221; width_last_edited=&#8221;on|phone&#8221; custom_margin=&#8221;30px||||false|false&#8221; global_colors_info=&#8221;{}&#8221;][\/et_pb_image][\/et_pb_column][\/et_pb_row][et_pb_row disabled_on=&#8221;off|off|off&#8221; _builder_version=&#8221;4.25.0&#8243; _module_preset=&#8221;default&#8221; global_colors_info=&#8221;{}&#8221;][et_pb_column type=&#8221;4_4&#8243; _builder_version=&#8221;4.24.3&#8243; _module_preset=&#8221;default&#8221; global_colors_info=&#8221;{}&#8221;][et_pb_divider divider_weight=&#8221;5px&#8221; _builder_version=&#8221;4.24.3&#8243; _module_preset=&#8221;default&#8221; global_colors_info=&#8221;{}&#8221;][\/et_pb_divider][\/et_pb_column][\/et_pb_row][et_pb_row column_structure=&#8221;1_3,2_3&#8243; module_class=&#8221;reverse-columns-mobile&#8221; _builder_version=&#8221;4.24.3&#8243; _module_preset=&#8221;default&#8221; global_colors_info=&#8221;{}&#8221;][et_pb_column type=&#8221;1_3&#8243; _builder_version=&#8221;4.24.3&#8243; _module_preset=&#8221;default&#8221; global_colors_info=&#8221;{}&#8221;][et_pb_image src=&#8221;https:\/\/loto-distribution.ch\/wp-content\/uploads\/2024\/05\/maxi-feutrev2.jpg&#8221; alt=&#8221;Maxi pennarello&#8221; align=&#8221;center&#8221; _builder_version=&#8221;4.25.0&#8243; _module_preset=&#8221;default&#8221; width=&#8221;100%&#8221; width_tablet=&#8221;48%&#8221; width_phone=&#8221;100%&#8221; width_last_edited=&#8221;on|phone&#8221; custom_margin=&#8221;30px||||false|false&#8221; custom_margin_tablet=&#8221;50px||||false|false&#8221; custom_margin_phone=&#8221;50px||||false|false&#8221; custom_margin_last_edited=&#8221;on|phone&#8221; global_colors_info=&#8221;{}&#8221;][\/et_pb_image][\/et_pb_column][et_pb_column type=&#8221;2_3&#8243; _builder_version=&#8221;4.24.3&#8243; _module_preset=&#8221;default&#8221; global_colors_info=&#8221;{}&#8221;][et_pb_text _builder_version=&#8221;4.25.0&#8243; _module_preset=&#8221;default&#8221; global_colors_info=&#8221;{}&#8221;]<\/p>\n<h2>Penne in feltro<\/h2>\n<p>[\/et_pb_text][et_pb_text _builder_version=&#8221;4.25.0&#8243; _module_preset=&#8221;default&#8221; global_colors_info=&#8221;{}&#8221;]<\/p>\n<p>I pennarelli Sunsational e Dab O Ink sono disponibili in una gamma di colori vivaci.<\/p>\n<p>I pennarelli Sunsational e Dab O Ink sono progettati con inchiostro brillante per migliorare la visibilit\u00e0 dei giocatori di tutte le et\u00e0, rendendo i colori pi\u00f9 vivaci durante le giocate al lotto.<\/p>\n<p>[\/et_pb_text][et_pb_button button_url=&#8221;https:\/\/loto-distribution.ch\/it\/pennarelli-sunsational-e-dab-o-ink\/&#8221; button_text=&#8221;Per saperne di pi\u00f9&#8221; button_alignment=&#8221;left&#8221; _builder_version=&#8221;4.27.4&#8243; _dynamic_attributes=&#8221;button_url&#8221; _module_preset=&#8221;default&#8221; hover_enabled=&#8221;0&#8243; global_colors_info=&#8221;{}&#8221; sticky_enabled=&#8221;0&#8243;][\/et_pb_button][\/et_pb_column][\/et_pb_row][et_pb_row disabled_on=&#8221;off|off|off&#8221; _builder_version=&#8221;4.25.0&#8243; _module_preset=&#8221;default&#8221; global_colors_info=&#8221;{}&#8221;][et_pb_column type=&#8221;4_4&#8243; _builder_version=&#8221;4.24.3&#8243; _module_preset=&#8221;default&#8221; global_colors_info=&#8221;{}&#8221;][et_pb_divider divider_weight=&#8221;5px&#8221; _builder_version=&#8221;4.24.3&#8243; _module_preset=&#8221;default&#8221; global_colors_info=&#8221;{}&#8221;][\/et_pb_divider][\/et_pb_column][\/et_pb_row][et_pb_row column_structure=&#8221;2_3,1_3&#8243; disabled_on=&#8221;off|off|off&#8221; _builder_version=&#8221;4.25.0&#8243; _module_preset=&#8221;default&#8221; global_colors_info=&#8221;{}&#8221;][et_pb_column type=&#8221;2_3&#8243; _builder_version=&#8221;4.24.3&#8243; _module_preset=&#8221;default&#8221; global_colors_info=&#8221;{}&#8221;][et_pb_text _builder_version=&#8221;4.25.0&#8243; _module_preset=&#8221;default&#8221; global_colors_info=&#8221;{}&#8221;]<\/p>\n<h2>Gettoni magnetici<\/h2>\n<p>[\/et_pb_text][et_pb_text _builder_version=&#8221;4.25.0&#8243; _module_preset=&#8221;default&#8221; global_colors_info=&#8221;{}&#8221;]<\/p>\n<p>I nostri gettoni magnetici colorati sono perfetti per segnare i numeri in modo chiaro e preciso. Con una presa affidabile e un design accattivante, queste fiches magnetiche diventeranno rapidamente un must per ogni appassionato di lotto.<\/p>\n<p>[\/et_pb_text][et_pb_button button_url=&#8221;https:\/\/loto-distribution.ch\/it\/gettoni-magnetici\/&#8221; button_text=&#8221;Per saperne di pi\u00f9&#8221; button_alignment=&#8221;left&#8221; _builder_version=&#8221;4.27.4&#8243; _module_preset=&#8221;default&#8221; hover_enabled=&#8221;0&#8243; global_colors_info=&#8221;{}&#8221; sticky_enabled=&#8221;0&#8243;][\/et_pb_button][\/et_pb_column][et_pb_column type=&#8221;1_3&#8243; _builder_version=&#8221;4.24.3&#8243; _module_preset=&#8221;default&#8221; global_colors_info=&#8221;{}&#8221;][et_pb_image src=&#8221;https:\/\/loto-distribution.ch\/wp-content\/uploads\/2024\/04\/Box-et-jetons-fond.jpeg&#8221; alt=&#8221;Maxi Bingo Box con 100 fiches&#8221; align=&#8221;center&#8221; _builder_version=&#8221;4.25.0&#8243; _module_preset=&#8221;default&#8221; width=&#8221;100%&#8221; width_tablet=&#8221;48%&#8221; width_phone=&#8221;100%&#8221; width_last_edited=&#8221;on|phone&#8221; custom_margin=&#8221;30px||||false|false&#8221; global_colors_info=&#8221;{}&#8221;][\/et_pb_image][\/et_pb_column][\/et_pb_row][\/et_pb_section]<\/p>\n","protected":false},"excerpt":{"rendered":"<p>Il vostro partner di fiducia per gli accessori del lotto!Loto Distribution \u00e8 la vostra destinazione online per tutto ci\u00f2 che vi serve per giocare alla lotteria senza problemi! Dal 1991 siamo specializzati in accessori per il lotto e abbiamo creato la Bingo Box. Che siate appassionati di lunga data o principianti, troverete gli articoli che [&hellip;]<\/p>\n","protected":false},"author":2,"featured_media":0,"parent":0,"menu_order":0,"comment_status":"closed","ping_status":"closed","template":"","meta":{"_et_pb_use_builder":"on","_et_pb_old_content":"","_et_gb_content_width":"","footnotes":""},"class_list":["post-853","page","type-page","status-publish","hentry"],"yoast_head":"<!-- This site is optimized with the Yoast SEO plugin v27.3 - https:\/\/yoast.com\/product\/yoast-seo-wordpress\/ -->\n<title>Home page - Loto Distribution<\/title>\n<meta name=\"description\" content=\"Dal 1991 siamo specializzati in accessori per il lotto e abbiamo creato la Bingo Box. Bingo Box, Bastone magnetico, pennarello e gettoni magnetici\" \/>\n<meta name=\"robots\" content=\"index, follow, max-snippet:-1, max-image-preview:large, max-video-preview:-1\" \/>\n<link rel=\"canonical\" href=\"https:\/\/loto-distribution.ch\/it\/\" \/>\n<meta property=\"og:locale\" content=\"it_IT\" \/>\n<meta property=\"og:type\" content=\"article\" \/>\n<meta property=\"og:title\" content=\"Home page - Loto Distribution\" \/>\n<meta property=\"og:description\" content=\"Dal 1991 siamo specializzati in accessori per il lotto e abbiamo creato la Bingo Box. Bingo Box, Bastone magnetico, pennarello e gettoni magnetici\" \/>\n<meta property=\"og:url\" content=\"https:\/\/loto-distribution.ch\/it\/\" \/>\n<meta property=\"og:site_name\" content=\"Loto Distribution\" \/>\n<meta property=\"article:modified_time\" content=\"2025-03-12T14:39:30+00:00\" \/>\n<meta property=\"og:image\" content=\"https:\/\/loto-distribution.ch\/wp-content\/uploads\/2024\/05\/logo-loto-distribution.png\" \/>\n\t<meta property=\"og:image:width\" content=\"1200\" \/>\n\t<meta property=\"og:image:height\" content=\"675\" \/>\n\t<meta property=\"og:image:type\" content=\"image\/png\" \/>\n<meta name=\"twitter:card\" content=\"summary_large_image\" \/>\n<meta name=\"twitter:label1\" content=\"Tempo di lettura stimato\" \/>\n\t<meta name=\"twitter:data1\" content=\"3 minuti\" \/>\n<script type=\"application\/ld+json\" class=\"yoast-schema-graph\">{\"@context\":\"https:\\\/\\\/schema.org\",\"@graph\":[{\"@type\":\"WebPage\",\"@id\":\"https:\\\/\\\/loto-distribution.ch\\\/it\\\/\",\"url\":\"https:\\\/\\\/loto-distribution.ch\\\/it\\\/\",\"name\":\"Home page - Loto Distribution\",\"isPartOf\":{\"@id\":\"https:\\\/\\\/loto-distribution.ch\\\/it\\\/#website\"},\"datePublished\":\"2023-11-22T14:31:52+00:00\",\"dateModified\":\"2025-03-12T14:39:30+00:00\",\"description\":\"Dal 1991 siamo specializzati in accessori per il lotto e abbiamo creato la Bingo Box. Bingo Box, Bastone magnetico, pennarello e gettoni magnetici\",\"breadcrumb\":{\"@id\":\"https:\\\/\\\/loto-distribution.ch\\\/it\\\/#breadcrumb\"},\"inLanguage\":\"it-IT\",\"potentialAction\":[{\"@type\":\"ReadAction\",\"target\":[\"https:\\\/\\\/loto-distribution.ch\\\/it\\\/\"]}]},{\"@type\":\"BreadcrumbList\",\"@id\":\"https:\\\/\\\/loto-distribution.ch\\\/it\\\/#breadcrumb\",\"itemListElement\":[{\"@type\":\"ListItem\",\"position\":1,\"name\":\"Accueil\",\"item\":\"https:\\\/\\\/loto-distribution.ch\\\/it\\\/\"},{\"@type\":\"ListItem\",\"position\":2,\"name\":\"Home page\"}]},{\"@type\":\"WebSite\",\"@id\":\"https:\\\/\\\/loto-distribution.ch\\\/it\\\/#website\",\"url\":\"https:\\\/\\\/loto-distribution.ch\\\/it\\\/\",\"name\":\"Loto Distribution\",\"description\":\"Home of the Bingo Box\",\"publisher\":{\"@id\":\"https:\\\/\\\/loto-distribution.ch\\\/it\\\/#organization\"},\"potentialAction\":[{\"@type\":\"SearchAction\",\"target\":{\"@type\":\"EntryPoint\",\"urlTemplate\":\"https:\\\/\\\/loto-distribution.ch\\\/it\\\/?s={search_term_string}\"},\"query-input\":{\"@type\":\"PropertyValueSpecification\",\"valueRequired\":true,\"valueName\":\"search_term_string\"}}],\"inLanguage\":\"it-IT\"},{\"@type\":\"Organization\",\"@id\":\"https:\\\/\\\/loto-distribution.ch\\\/it\\\/#organization\",\"name\":\"Loto Distribution\",\"url\":\"https:\\\/\\\/loto-distribution.ch\\\/it\\\/\",\"logo\":{\"@type\":\"ImageObject\",\"inLanguage\":\"it-IT\",\"@id\":\"https:\\\/\\\/loto-distribution.ch\\\/it\\\/#\\\/schema\\\/logo\\\/image\\\/\",\"url\":\"https:\\\/\\\/loto-distribution.ch\\\/wp-content\\\/uploads\\\/2024\\\/05\\\/OR.png\",\"contentUrl\":\"https:\\\/\\\/loto-distribution.ch\\\/wp-content\\\/uploads\\\/2024\\\/05\\\/OR.png\",\"width\":4501,\"height\":4501,\"caption\":\"Loto Distribution\"},\"image\":{\"@id\":\"https:\\\/\\\/loto-distribution.ch\\\/it\\\/#\\\/schema\\\/logo\\\/image\\\/\"}}]}<\/script>\n<!-- \/ Yoast SEO plugin. -->","yoast_head_json":{"title":"Home page - Loto Distribution","description":"Dal 1991 siamo specializzati in accessori per il lotto e abbiamo creato la Bingo Box. Bingo Box, Bastone magnetico, pennarello e gettoni magnetici","robots":{"index":"index","follow":"follow","max-snippet":"max-snippet:-1","max-image-preview":"max-image-preview:large","max-video-preview":"max-video-preview:-1"},"canonical":"https:\/\/loto-distribution.ch\/it\/","og_locale":"it_IT","og_type":"article","og_title":"Home page - Loto Distribution","og_description":"Dal 1991 siamo specializzati in accessori per il lotto e abbiamo creato la Bingo Box. Bingo Box, Bastone magnetico, pennarello e gettoni magnetici","og_url":"https:\/\/loto-distribution.ch\/it\/","og_site_name":"Loto Distribution","article_modified_time":"2025-03-12T14:39:30+00:00","og_image":[{"width":1200,"height":675,"url":"https:\/\/loto-distribution.ch\/wp-content\/uploads\/2024\/05\/logo-loto-distribution.png","type":"image\/png"}],"twitter_card":"summary_large_image","twitter_misc":{"Tempo di lettura stimato":"3 minuti"},"schema":{"@context":"https:\/\/schema.org","@graph":[{"@type":"WebPage","@id":"https:\/\/loto-distribution.ch\/it\/","url":"https:\/\/loto-distribution.ch\/it\/","name":"Home page - Loto Distribution","isPartOf":{"@id":"https:\/\/loto-distribution.ch\/it\/#website"},"datePublished":"2023-11-22T14:31:52+00:00","dateModified":"2025-03-12T14:39:30+00:00","description":"Dal 1991 siamo specializzati in accessori per il lotto e abbiamo creato la Bingo Box. Bingo Box, Bastone magnetico, pennarello e gettoni magnetici","breadcrumb":{"@id":"https:\/\/loto-distribution.ch\/it\/#breadcrumb"},"inLanguage":"it-IT","potentialAction":[{"@type":"ReadAction","target":["https:\/\/loto-distribution.ch\/it\/"]}]},{"@type":"BreadcrumbList","@id":"https:\/\/loto-distribution.ch\/it\/#breadcrumb","itemListElement":[{"@type":"ListItem","position":1,"name":"Accueil","item":"https:\/\/loto-distribution.ch\/it\/"},{"@type":"ListItem","position":2,"name":"Home page"}]},{"@type":"WebSite","@id":"https:\/\/loto-distribution.ch\/it\/#website","url":"https:\/\/loto-distribution.ch\/it\/","name":"Loto Distribution","description":"Home of the Bingo Box","publisher":{"@id":"https:\/\/loto-distribution.ch\/it\/#organization"},"potentialAction":[{"@type":"SearchAction","target":{"@type":"EntryPoint","urlTemplate":"https:\/\/loto-distribution.ch\/it\/?s={search_term_string}"},"query-input":{"@type":"PropertyValueSpecification","valueRequired":true,"valueName":"search_term_string"}}],"inLanguage":"it-IT"},{"@type":"Organization","@id":"https:\/\/loto-distribution.ch\/it\/#organization","name":"Loto Distribution","url":"https:\/\/loto-distribution.ch\/it\/","logo":{"@type":"ImageObject","inLanguage":"it-IT","@id":"https:\/\/loto-distribution.ch\/it\/#\/schema\/logo\/image\/","url":"https:\/\/loto-distribution.ch\/wp-content\/uploads\/2024\/05\/OR.png","contentUrl":"https:\/\/loto-distribution.ch\/wp-content\/uploads\/2024\/05\/OR.png","width":4501,"height":4501,"caption":"Loto Distribution"},"image":{"@id":"https:\/\/loto-distribution.ch\/it\/#\/schema\/logo\/image\/"}}]}},"_links":{"self":[{"href":"https:\/\/loto-distribution.ch\/it\/wp-json\/wp\/v2\/pages\/853","targetHints":{"allow":["GET"]}}],"collection":[{"href":"https:\/\/loto-distribution.ch\/it\/wp-json\/wp\/v2\/pages"}],"about":[{"href":"https:\/\/loto-distribution.ch\/it\/wp-json\/wp\/v2\/types\/page"}],"author":[{"embeddable":true,"href":"https:\/\/loto-distribution.ch\/it\/wp-json\/wp\/v2\/users\/2"}],"replies":[{"embeddable":true,"href":"https:\/\/loto-distribution.ch\/it\/wp-json\/wp\/v2\/comments?post=853"}],"version-history":[{"count":3,"href":"https:\/\/loto-distribution.ch\/it\/wp-json\/wp\/v2\/pages\/853\/revisions"}],"predecessor-version":[{"id":995,"href":"https:\/\/loto-distribution.ch\/it\/wp-json\/wp\/v2\/pages\/853\/revisions\/995"}],"wp:attachment":[{"href":"https:\/\/loto-distribution.ch\/it\/wp-json\/wp\/v2\/media?parent=853"}],"curies":[{"name":"wp","href":"https:\/\/api.w.org\/{rel}","templated":true}]}}