{"id":608,"date":"2024-05-02T16:03:00","date_gmt":"2024-05-02T14:03:00","guid":{"rendered":"https:\/\/loto-distribution.ch\/sunsational-und-dab-o-ink-bingo-marker\/"},"modified":"2024-10-01T16:09:37","modified_gmt":"2024-10-01T14:09:37","slug":"sunsational-und-dab-o-ink-bingo-marker","status":"publish","type":"page","link":"https:\/\/loto-distribution.ch\/de\/sunsational-und-dab-o-ink-bingo-marker\/","title":{"rendered":"Sunsational und Dab O Ink Bingo Marker"},"content":{"rendered":"<p>[et_pb_section fb_built=&#8220;1&#8243; _builder_version=&#8220;4.22.1&#8243; _module_preset=&#8220;default&#8220; collapsed=&#8220;off&#8220; global_colors_info=&#8220;{}&#8220;][et_pb_row column_structure=&#8220;1_3,2_3&#8243; _builder_version=&#8220;4.22.1&#8243; _module_preset=&#8220;default&#8220; global_colors_info=&#8220;{}&#8220;][et_pb_column type=&#8220;1_3&#8243; _builder_version=&#8220;4.22.1&#8243; _module_preset=&#8220;default&#8220; global_colors_info=&#8220;{}&#8220;][et_pb_image src=&#8220;https:\/\/loto-distribution.ch\/wp-content\/uploads\/2024\/05\/mini-feutre-v2.jpg&#8220; alt=&#8220;Mini Marker&#8220; show_in_lightbox=&#8220;on&#8220; align=&#8220;center&#8220; _builder_version=&#8220;4.25.0&#8243; _module_preset=&#8220;default&#8220; width=&#8220;100%&#8220; width_tablet=&#8220;66%&#8220; width_phone=&#8220;100%&#8220; width_last_edited=&#8220;on|phone&#8220; global_colors_info=&#8220;{}&#8220;][\/et_pb_image][\/et_pb_column][et_pb_column type=&#8220;2_3&#8243; _builder_version=&#8220;4.22.1&#8243; _module_preset=&#8220;default&#8220; global_colors_info=&#8220;{}&#8220;][et_pb_text _builder_version=&#8220;4.27.0&#8243; _module_preset=&#8220;default&#8220; header_text_align=&#8220;center&#8220; hover_enabled=&#8220;0&#8243; global_colors_info=&#8220;{}&#8220; sticky_enabled=&#8220;0&#8243;]<\/p>\n<h1 style=\"text-align: left;\">Sunsational und Dab O Ink Bingo Marker<\/h1>\n<p>[\/et_pb_text][et_pb_text _builder_version=&#8220;4.27.0&#8243; _module_preset=&#8220;default&#8220; hover_enabled=&#8220;0&#8243; global_colors_info=&#8220;{}&#8220; sticky_enabled=&#8220;0&#8243;]<\/p>\n<p>Die <strong>Bingo Marker<\/strong> sind in einer Reihe von <strong>leuchtenden Farben<\/strong> erh\u00e4ltlich.<\/p>\n<p>Die Sunsational und Dab O Ink Bingo Marker sind mit einer gl\u00e4nzenden Tinte gestaltet, um die Sichtbarkeit f\u00fcr Spieler aller Altersgruppen zu verbessern und die Farben w\u00e4hrend der <strong><a href=\"https:\/\/www.infoloto.ch\/\" target=\"_blank\" rel=\"noopener\">Lottospiele<\/a><\/strong> lebendiger zu machen.<\/p>\n<p>Dank ihres ergonomischen und komfortablen Designs liegen diese Bingo Marker angenehm in der Hand und sind ideal f\u00fcr eine l\u00e4ngere Nutzung. Alles in allem sind diese Bingo Marker die unverzichtbaren Begleiter f\u00fcr ein erfolgreiches und geselliges Spielerlebnis. <\/p>\n<p>[\/et_pb_text][et_pb_button button_url=&#8220;@ET-DC@eyJkeW5hbWljIjp0cnVlLCJjb250ZW50IjoicG9zdF9saW5rX3VybF9wYWdlIiwic2V0dGluZ3MiOnsicG9zdF9pZCI6IjQ2In19@&#8220; button_text=&#8220;Bestellen&#8220; button_alignment=&#8220;right&#8220; _builder_version=&#8220;4.25.0&#8243; _dynamic_attributes=&#8220;button_url&#8220; _module_preset=&#8220;default&#8220; global_colors_info=&#8220;{}&#8220;][\/et_pb_button][\/et_pb_column][\/et_pb_row][et_pb_row _builder_version=&#8220;4.25.0&#8243; _module_preset=&#8220;default&#8220; global_colors_info=&#8220;{}&#8220;][et_pb_column type=&#8220;4_4&#8243; _builder_version=&#8220;4.25.0&#8243; _module_preset=&#8220;default&#8220; global_colors_info=&#8220;{}&#8220;][et_pb_gallery gallery_ids=&#8220;360,361,108,110,362,363,111,106&#8243; _builder_version=&#8220;4.25.0&#8243; _module_preset=&#8220;default&#8220; global_colors_info=&#8220;{}&#8220;][\/et_pb_gallery][\/et_pb_column][\/et_pb_row][\/et_pb_section]<\/p>\n","protected":false},"excerpt":{"rendered":"<p>Sunsational und Dab O Ink Bingo MarkerDie Bingo Marker sind in einer Reihe von leuchtenden Farben erh\u00e4ltlich. Die Sunsational und Dab O Ink Bingo Marker sind mit einer gl\u00e4nzenden Tinte gestaltet, um die Sichtbarkeit f\u00fcr Spieler aller Altersgruppen zu verbessern und die Farben w\u00e4hrend der Lottospiele lebendiger zu machen. Dank ihres ergonomischen und komfortablen Designs [&hellip;]<\/p>\n","protected":false},"author":2,"featured_media":0,"parent":0,"menu_order":0,"comment_status":"closed","ping_status":"closed","template":"","meta":{"_et_pb_use_builder":"on","_et_pb_old_content":"","_et_gb_content_width":"","footnotes":""},"class_list":["post-608","page","type-page","status-publish","hentry"],"yoast_head":"<!-- This site is optimized with the Yoast SEO plugin v27.3 - https:\/\/yoast.com\/product\/yoast-seo-wordpress\/ -->\n<title>Sunsational und Dab O Ink Bingo Marker - Loto Distribution<\/title>\n<meta name=\"description\" content=\"Die Bingo Marker sind in einer Reihe von leuchtenden und fluoreszierenden Farben erh\u00e4ltlich. Eine gl\u00e4nzenden Tinte verbessert die Sichtbarkeit der Spieler\" \/>\n<meta name=\"robots\" content=\"index, follow, max-snippet:-1, max-image-preview:large, max-video-preview:-1\" \/>\n<link rel=\"canonical\" href=\"https:\/\/loto-distribution.ch\/de\/sunsational-und-dab-o-ink-bingo-marker\/\" \/>\n<meta property=\"og:locale\" content=\"de_DE\" \/>\n<meta property=\"og:type\" content=\"article\" \/>\n<meta property=\"og:title\" content=\"Sunsational und Dab O Ink Bingo Marker - Loto Distribution\" \/>\n<meta property=\"og:description\" content=\"Die Bingo Marker sind in einer Reihe von leuchtenden und fluoreszierenden Farben erh\u00e4ltlich. Eine gl\u00e4nzenden Tinte verbessert die Sichtbarkeit der Spieler\" \/>\n<meta property=\"og:url\" content=\"https:\/\/loto-distribution.ch\/de\/sunsational-und-dab-o-ink-bingo-marker\/\" \/>\n<meta property=\"og:site_name\" content=\"Loto Distribution\" \/>\n<meta property=\"article:modified_time\" content=\"2024-10-01T14:09:37+00:00\" \/>\n<meta property=\"og:image\" content=\"https:\/\/loto-distribution.ch\/wp-content\/uploads\/2024\/05\/logo-loto-distribution.png\" \/>\n\t<meta property=\"og:image:width\" content=\"1200\" \/>\n\t<meta property=\"og:image:height\" content=\"675\" \/>\n\t<meta property=\"og:image:type\" content=\"image\/png\" \/>\n<meta name=\"twitter:card\" content=\"summary_large_image\" \/>\n<meta name=\"twitter:label1\" content=\"Gesch\u00e4tzte Lesezeit\" \/>\n\t<meta name=\"twitter:data1\" content=\"3\u00a0Minuten\" \/>\n<script type=\"application\/ld+json\" class=\"yoast-schema-graph\">{\"@context\":\"https:\\\/\\\/schema.org\",\"@graph\":[{\"@type\":\"WebPage\",\"@id\":\"https:\\\/\\\/loto-distribution.ch\\\/de\\\/sunsational-und-dab-o-ink-bingo-marker\\\/\",\"url\":\"https:\\\/\\\/loto-distribution.ch\\\/de\\\/sunsational-und-dab-o-ink-bingo-marker\\\/\",\"name\":\"Sunsational und Dab O Ink Bingo Marker - Loto Distribution\",\"isPartOf\":{\"@id\":\"https:\\\/\\\/loto-distribution.ch\\\/de\\\/#website\"},\"datePublished\":\"2024-05-02T14:03:00+00:00\",\"dateModified\":\"2024-10-01T14:09:37+00:00\",\"description\":\"Die Bingo Marker sind in einer Reihe von leuchtenden und fluoreszierenden Farben erh\u00e4ltlich. Eine gl\u00e4nzenden Tinte verbessert die Sichtbarkeit der Spieler\",\"breadcrumb\":{\"@id\":\"https:\\\/\\\/loto-distribution.ch\\\/de\\\/sunsational-und-dab-o-ink-bingo-marker\\\/#breadcrumb\"},\"inLanguage\":\"de\",\"potentialAction\":[{\"@type\":\"ReadAction\",\"target\":[\"https:\\\/\\\/loto-distribution.ch\\\/de\\\/sunsational-und-dab-o-ink-bingo-marker\\\/\"]}]},{\"@type\":\"BreadcrumbList\",\"@id\":\"https:\\\/\\\/loto-distribution.ch\\\/de\\\/sunsational-und-dab-o-ink-bingo-marker\\\/#breadcrumb\",\"itemListElement\":[{\"@type\":\"ListItem\",\"position\":1,\"name\":\"Accueil\",\"item\":\"https:\\\/\\\/loto-distribution.ch\\\/de\\\/\"},{\"@type\":\"ListItem\",\"position\":2,\"name\":\"Sunsational und Dab O Ink Bingo Marker\"}]},{\"@type\":\"WebSite\",\"@id\":\"https:\\\/\\\/loto-distribution.ch\\\/de\\\/#website\",\"url\":\"https:\\\/\\\/loto-distribution.ch\\\/de\\\/\",\"name\":\"Loto Distribution\",\"description\":\"Home of the Bingo Box\",\"publisher\":{\"@id\":\"https:\\\/\\\/loto-distribution.ch\\\/de\\\/#organization\"},\"potentialAction\":[{\"@type\":\"SearchAction\",\"target\":{\"@type\":\"EntryPoint\",\"urlTemplate\":\"https:\\\/\\\/loto-distribution.ch\\\/de\\\/?s={search_term_string}\"},\"query-input\":{\"@type\":\"PropertyValueSpecification\",\"valueRequired\":true,\"valueName\":\"search_term_string\"}}],\"inLanguage\":\"de\"},{\"@type\":\"Organization\",\"@id\":\"https:\\\/\\\/loto-distribution.ch\\\/de\\\/#organization\",\"name\":\"Loto Distribution\",\"url\":\"https:\\\/\\\/loto-distribution.ch\\\/de\\\/\",\"logo\":{\"@type\":\"ImageObject\",\"inLanguage\":\"de\",\"@id\":\"https:\\\/\\\/loto-distribution.ch\\\/de\\\/#\\\/schema\\\/logo\\\/image\\\/\",\"url\":\"https:\\\/\\\/loto-distribution.ch\\\/wp-content\\\/uploads\\\/2024\\\/05\\\/OR.png\",\"contentUrl\":\"https:\\\/\\\/loto-distribution.ch\\\/wp-content\\\/uploads\\\/2024\\\/05\\\/OR.png\",\"width\":4501,\"height\":4501,\"caption\":\"Loto Distribution\"},\"image\":{\"@id\":\"https:\\\/\\\/loto-distribution.ch\\\/de\\\/#\\\/schema\\\/logo\\\/image\\\/\"}}]}<\/script>\n<!-- \/ Yoast SEO plugin. -->","yoast_head_json":{"title":"Sunsational und Dab O Ink Bingo Marker - Loto Distribution","description":"Die Bingo Marker sind in einer Reihe von leuchtenden und fluoreszierenden Farben erh\u00e4ltlich. Eine gl\u00e4nzenden Tinte verbessert die Sichtbarkeit der Spieler","robots":{"index":"index","follow":"follow","max-snippet":"max-snippet:-1","max-image-preview":"max-image-preview:large","max-video-preview":"max-video-preview:-1"},"canonical":"https:\/\/loto-distribution.ch\/de\/sunsational-und-dab-o-ink-bingo-marker\/","og_locale":"de_DE","og_type":"article","og_title":"Sunsational und Dab O Ink Bingo Marker - Loto Distribution","og_description":"Die Bingo Marker sind in einer Reihe von leuchtenden und fluoreszierenden Farben erh\u00e4ltlich. Eine gl\u00e4nzenden Tinte verbessert die Sichtbarkeit der Spieler","og_url":"https:\/\/loto-distribution.ch\/de\/sunsational-und-dab-o-ink-bingo-marker\/","og_site_name":"Loto Distribution","article_modified_time":"2024-10-01T14:09:37+00:00","og_image":[{"width":1200,"height":675,"url":"https:\/\/loto-distribution.ch\/wp-content\/uploads\/2024\/05\/logo-loto-distribution.png","type":"image\/png"}],"twitter_card":"summary_large_image","twitter_misc":{"Gesch\u00e4tzte Lesezeit":"3\u00a0Minuten"},"schema":{"@context":"https:\/\/schema.org","@graph":[{"@type":"WebPage","@id":"https:\/\/loto-distribution.ch\/de\/sunsational-und-dab-o-ink-bingo-marker\/","url":"https:\/\/loto-distribution.ch\/de\/sunsational-und-dab-o-ink-bingo-marker\/","name":"Sunsational und Dab O Ink Bingo Marker - Loto Distribution","isPartOf":{"@id":"https:\/\/loto-distribution.ch\/de\/#website"},"datePublished":"2024-05-02T14:03:00+00:00","dateModified":"2024-10-01T14:09:37+00:00","description":"Die Bingo Marker sind in einer Reihe von leuchtenden und fluoreszierenden Farben erh\u00e4ltlich. Eine gl\u00e4nzenden Tinte verbessert die Sichtbarkeit der Spieler","breadcrumb":{"@id":"https:\/\/loto-distribution.ch\/de\/sunsational-und-dab-o-ink-bingo-marker\/#breadcrumb"},"inLanguage":"de","potentialAction":[{"@type":"ReadAction","target":["https:\/\/loto-distribution.ch\/de\/sunsational-und-dab-o-ink-bingo-marker\/"]}]},{"@type":"BreadcrumbList","@id":"https:\/\/loto-distribution.ch\/de\/sunsational-und-dab-o-ink-bingo-marker\/#breadcrumb","itemListElement":[{"@type":"ListItem","position":1,"name":"Accueil","item":"https:\/\/loto-distribution.ch\/de\/"},{"@type":"ListItem","position":2,"name":"Sunsational und Dab O Ink Bingo Marker"}]},{"@type":"WebSite","@id":"https:\/\/loto-distribution.ch\/de\/#website","url":"https:\/\/loto-distribution.ch\/de\/","name":"Loto Distribution","description":"Home of the Bingo Box","publisher":{"@id":"https:\/\/loto-distribution.ch\/de\/#organization"},"potentialAction":[{"@type":"SearchAction","target":{"@type":"EntryPoint","urlTemplate":"https:\/\/loto-distribution.ch\/de\/?s={search_term_string}"},"query-input":{"@type":"PropertyValueSpecification","valueRequired":true,"valueName":"search_term_string"}}],"inLanguage":"de"},{"@type":"Organization","@id":"https:\/\/loto-distribution.ch\/de\/#organization","name":"Loto Distribution","url":"https:\/\/loto-distribution.ch\/de\/","logo":{"@type":"ImageObject","inLanguage":"de","@id":"https:\/\/loto-distribution.ch\/de\/#\/schema\/logo\/image\/","url":"https:\/\/loto-distribution.ch\/wp-content\/uploads\/2024\/05\/OR.png","contentUrl":"https:\/\/loto-distribution.ch\/wp-content\/uploads\/2024\/05\/OR.png","width":4501,"height":4501,"caption":"Loto Distribution"},"image":{"@id":"https:\/\/loto-distribution.ch\/de\/#\/schema\/logo\/image\/"}}]}},"_links":{"self":[{"href":"https:\/\/loto-distribution.ch\/de\/wp-json\/wp\/v2\/pages\/608","targetHints":{"allow":["GET"]}}],"collection":[{"href":"https:\/\/loto-distribution.ch\/de\/wp-json\/wp\/v2\/pages"}],"about":[{"href":"https:\/\/loto-distribution.ch\/de\/wp-json\/wp\/v2\/types\/page"}],"author":[{"embeddable":true,"href":"https:\/\/loto-distribution.ch\/de\/wp-json\/wp\/v2\/users\/2"}],"replies":[{"embeddable":true,"href":"https:\/\/loto-distribution.ch\/de\/wp-json\/wp\/v2\/comments?post=608"}],"version-history":[{"count":5,"href":"https:\/\/loto-distribution.ch\/de\/wp-json\/wp\/v2\/pages\/608\/revisions"}],"predecessor-version":[{"id":804,"href":"https:\/\/loto-distribution.ch\/de\/wp-json\/wp\/v2\/pages\/608\/revisions\/804"}],"wp:attachment":[{"href":"https:\/\/loto-distribution.ch\/de\/wp-json\/wp\/v2\/media?parent=608"}],"curies":[{"name":"wp","href":"https:\/\/api.w.org\/{rel}","templated":true}]}}