{"id":605,"date":"2024-05-02T15:42:17","date_gmt":"2024-05-02T13:42:17","guid":{"rendered":"https:\/\/loto-distribution.ch\/bingo-box\/"},"modified":"2024-07-10T09:07:56","modified_gmt":"2024-07-10T07:07:56","slug":"bingo-box","status":"publish","type":"page","link":"https:\/\/loto-distribution.ch\/de\/bingo-box\/","title":{"rendered":"Bingo Box"},"content":{"rendered":"<p>[et_pb_section fb_built=&#8220;1&#8243; _builder_version=&#8220;4.22.1&#8243; _module_preset=&#8220;default&#8220; global_colors_info=&#8220;{}&#8220;][et_pb_row column_structure=&#8220;1_3,2_3&#8243; _builder_version=&#8220;4.22.1&#8243; _module_preset=&#8220;default&#8220; global_colors_info=&#8220;{}&#8220;][et_pb_column type=&#8220;1_3&#8243; _builder_version=&#8220;4.22.1&#8243; _module_preset=&#8220;default&#8220; global_colors_info=&#8220;{}&#8220;][et_pb_image src=&#8220;https:\/\/loto-distribution.ch\/wp-content\/uploads\/2024\/04\/maxi-bingo-box-fond.jpeg&#8220; alt=&#8220;Maxi bingo box&#8220; show_in_lightbox=&#8220;on&#8220; align=&#8220;center&#8220; _builder_version=&#8220;4.25.0&#8243; _module_preset=&#8220;default&#8220; width=&#8220;100%&#8220; width_tablet=&#8220;66%&#8220; width_phone=&#8220;100%&#8220; width_last_edited=&#8220;on|phone&#8220; global_colors_info=&#8220;{}&#8220;][\/et_pb_image][\/et_pb_column][et_pb_column type=&#8220;2_3&#8243; _builder_version=&#8220;4.25.0&#8243; _module_preset=&#8220;default&#8220; global_colors_info=&#8220;{}&#8220;][et_pb_text _builder_version=&#8220;4.25.0&#8243; _module_preset=&#8220;default&#8220; header_2_text_align=&#8220;center&#8220; global_colors_info=&#8220;{}&#8220;]<\/p>\n<h2 style=\"text-align: left;\">Bingo Box (magnetisch)<\/h2>\n<p>[\/et_pb_text][et_pb_text _builder_version=&#8220;4.25.1&#8243; _module_preset=&#8220;default&#8220; hover_enabled=&#8220;0&#8243; global_colors_info=&#8220;{}&#8220; sticky_enabled=&#8220;0&#8243;]<\/p>\n<p>Denken Sie daran, um Ihr Spielerlebnis zu vereinfachen!<\/p>\n<p>Unsere mit dem Sinn f\u00fcr Details entworfene <strong>Bingo Box<\/strong> ist mehr als nur ein Accessoire &#8211; sie ist eine hauseigene Kreation, die entwickelt wurde, um selbst die anspruchsvollsten Spieler zu begeistern. Ihre goldene Farbe und ihr raffiniertes Design machen sie zu einem einzigartigen Objekt, das Ihren <a href=\"https:\/\/www.infoloto.ch\/\" target=\"_blank\" rel=\"noopener\"><strong>Lottospielen<\/strong><\/a> einen glamour\u00f6sen Touch verleiht.<\/p>\n<p>Die <strong>Bingo Box<\/strong> kann mit oder ohne ein Set <a href=\"https:\/\/loto-distribution.ch\/de\/magnetische-chips\/\"><strong>magnetischer Chips<\/strong><\/a> geliefert werden, die Sie nach dem Spiel clever in der Box aufbewahren k\u00f6nnen. So vermeiden Sie den Verlust von Chips.<\/p>\n<p>Erh\u00e4ltlich in zwei Gr\u00f6\u00dfen :<\/p>\n<style type=\"text\/css\" id=\"supsystic-table-1_23513-css\">\/* Here you can add custom CSS for the current table *\/\n\/* Lean more about CSS: https:\/\/en.wikipedia.org\/wiki\/Cascading_Style_Sheets *\/\n\/*\nTo prevent the use of styles to other tables use \"#supsystic-table-1\" as a base selector\nfor example:\n#supsystic-table-1 { ... }\n#supsystic-table-1 tbody { ... }\n#supsystic-table-1 tbody tr { ... }\n*\/\n\ntable.dataTable.cell-border tbody tr td {\n    border: 1px solid #000 !important;\n}\n<\/style>\n<div class=\"supsystic-table-loader spinner\"style=\"background-color:#000000\"><\/div><div id=\"supsystic-table-1_23513\" class=\"supsystic-tables-wrap \" style=\" width:320px; visibility: hidden; \" data-table-width-fixed=\"320px\" data-table-width-mobile=\"320px\" ><table id=\"supsystic-table-1\" class=\"supsystic-table border lightboxImg cell-border\" data-id=\"1\" data-view-id=\"1_23513\" data-title=\"Bingo Box\" data-currency-format=\"$1,000.00\" data-percent-format=\"10.00%\" data-date-format=\"DD.MM.YYYY\" data-time-format=\"HH:mm\" data-features=\"[&quot;after_table_loaded_script&quot;]\" data-search-value=\"\" data-lightbox-img=\"\" data-head-rows-count=\"1\" data-pagination-length=\"50,100,All\" data-auto-index=\"off\" data-searching-settings=\"{&quot;columnSearchPosition&quot;:&quot;bottom&quot;,&quot;minChars&quot;:&quot;0&quot;}\" data-lang=\"default\" data-override=\"{&quot;emptyTable&quot;:&quot;&quot;,&quot;info&quot;:&quot;&quot;,&quot;infoEmpty&quot;:&quot;&quot;,&quot;infoFiltered&quot;:&quot;&quot;,&quot;lengthMenu&quot;:&quot;&quot;,&quot;search&quot;:&quot;&quot;,&quot;previous&quot;:&quot;&quot;,&quot;next&quot;:&quot;&quot;,&quot;zeroRecords&quot;:&quot;&quot;,&quot;exportLabel&quot;:&quot;&quot;,&quot;file&quot;:&quot;default&quot;}\" data-merged=\"[]\" data-responsive-mode=\"0\" data-from-history=\"0\" ><thead><tr><th class=\"\" style=\"width:; padding: 0 !important;\"><\/th><th class=\"\" style=\"width:; padding: 0 !important;\"><\/th><\/tr><\/thead><tbody><tr style=\"height:px\" ><td data-cell-id=\"A1\" data-x=\"0\" data-y=\"1\" data-db-index=\"1\" class=\"\" data-cell-type=\"text\" data-original-value=\"Bingo Box\" data-order=\"Bingo Box\" style=\"min-width:40.0862%; \" >Bingo Box <\/td><td data-cell-id=\"B1\" data-x=\"1\" data-y=\"1\" data-db-index=\"1\" class=\"\" data-cell-type=\"text\" data-original-value=\"10cm D \u2013 4.5cm H\" data-order=\"10cm D \u2013 4.5cm H\" style=\"min-width:59.9138%; \" >10cm D \u2013 4.5cm H <\/td><\/tr><tr style=\"height:px\" ><td data-cell-id=\"A2\" data-x=\"0\" data-y=\"2\" data-db-index=\"2\" class=\"\" data-cell-type=\"text\" data-original-value=\"Maxi Bingo Box\" data-order=\"Maxi Bingo Box\" >Maxi Bingo Box <\/td><td data-cell-id=\"B2\" data-x=\"1\" data-y=\"2\" data-db-index=\"2\" class=\"\" data-cell-type=\"text\" data-original-value=\"10cm D \u2013 8cm H\" data-order=\"10cm D \u2013 8cm H\" >10cm D \u2013 8cm H <\/td><\/tr><\/tbody><\/table><!-- \/#supsystic-table-1.supsystic-table --><\/div><!-- \/.supsystic-tables-wrap --><!-- Tables Generator by Supsystic --><!-- Version:1.11.0 --><!-- http:\/\/supsystic.com\/ --><a title=\"WordPress Tables\" style=\"display:none;\" href=\"https:\/\/supsystic.com\/plugins\/wordpress-data-table-plugin\/?utm_medium=love_link\" target=\"_blank\">WordPress Tables<\/a>\n<p>[\/et_pb_text][et_pb_button button_url=&#8220;@ET-DC@eyJkeW5hbWljIjp0cnVlLCJjb250ZW50IjoicG9zdF9saW5rX3VybF9wYWdlIiwic2V0dGluZ3MiOnsicG9zdF9pZCI6IjQ2In19@&#8220; button_text=&#8220;Bestellen&#8220; button_alignment=&#8220;right&#8220; _builder_version=&#8220;4.25.0&#8243; _dynamic_attributes=&#8220;button_url&#8220; _module_preset=&#8220;default&#8220; global_colors_info=&#8220;{}&#8220;][\/et_pb_button][\/et_pb_column][\/et_pb_row][et_pb_row _builder_version=&#8220;4.25.0&#8243; _module_preset=&#8220;default&#8220; global_colors_info=&#8220;{}&#8220;][et_pb_column type=&#8220;4_4&#8243; _builder_version=&#8220;4.25.0&#8243; _module_preset=&#8220;default&#8220; global_colors_info=&#8220;{}&#8220;][et_pb_divider divider_weight=&#8220;5px&#8220; _builder_version=&#8220;4.25.0&#8243; _module_preset=&#8220;default&#8220; global_colors_info=&#8220;{}&#8220;][\/et_pb_divider][\/et_pb_column][\/et_pb_row][et_pb_row column_structure=&#8220;1_3,2_3&#8243; _builder_version=&#8220;4.22.1&#8243; _module_preset=&#8220;default&#8220; global_colors_info=&#8220;{}&#8220;][et_pb_column type=&#8220;1_3&#8243; _builder_version=&#8220;4.22.1&#8243; _module_preset=&#8220;default&#8220; global_colors_info=&#8220;{}&#8220;][et_pb_image src=&#8220;https:\/\/loto-distribution.ch\/wp-content\/uploads\/2024\/04\/maxi-bingo-box-fond.jpeg&#8220; alt=&#8220;Maxi bingo box&#8220; show_in_lightbox=&#8220;on&#8220; align=&#8220;center&#8220; _builder_version=&#8220;4.25.0&#8243; _module_preset=&#8220;default&#8220; width=&#8220;100%&#8220; width_tablet=&#8220;66%&#8220; width_phone=&#8220;100%&#8220; width_last_edited=&#8220;on|phone&#8220; global_colors_info=&#8220;{}&#8220;][\/et_pb_image][\/et_pb_column][et_pb_column type=&#8220;2_3&#8243; _builder_version=&#8220;4.25.0&#8243; _module_preset=&#8220;default&#8220; global_colors_info=&#8220;{}&#8220;][et_pb_text _builder_version=&#8220;4.25.0&#8243; _module_preset=&#8220;default&#8220; header_2_text_align=&#8220;center&#8220; global_colors_info=&#8220;{}&#8220;]<\/p>\n<h2 style=\"text-align: left;\">Bingo Box (ohne Magnet)<\/h2>\n<p>[\/et_pb_text][et_pb_text _builder_version=&#8220;4.25.0&#8243; _module_preset=&#8220;default&#8220; global_colors_info=&#8220;{}&#8220;]<\/p>\n<p>Die <strong>Bingo Box<\/strong> ohne Magnet ist eine vielseitige Aufbewahrungsbox f\u00fcr Artikel aller Art wie Nadeln, Gummib\u00e4nder, B\u00fcroklammern, N\u00e4gel, Schl\u00fcssel etc. Es kann sich in ein Schmuckk\u00e4stchen verwandeln oder jeden anderen Zweck erf\u00fcllen.<\/p>\n<p><strong>Zu beachten<\/strong>: Die <strong>Bingo Box<\/strong> ist nicht f\u00fcr den Gebrauch mit Lebensmitteln bestimmt.<\/p>\n<p>Erh\u00e4ltlich in zwei Gr\u00f6\u00dfen :<\/p>\n<style type=\"text\/css\" id=\"supsystic-table-1_97757-css\">\/* Here you can add custom CSS for the current table *\/\n\/* Lean more about CSS: https:\/\/en.wikipedia.org\/wiki\/Cascading_Style_Sheets *\/\n\/*\nTo prevent the use of styles to other tables use \"#supsystic-table-1\" as a base selector\nfor example:\n#supsystic-table-1 { ... }\n#supsystic-table-1 tbody { ... }\n#supsystic-table-1 tbody tr { ... }\n*\/\n\ntable.dataTable.cell-border tbody tr td {\n    border: 1px solid #000 !important;\n}\n<\/style>\n<div class=\"supsystic-table-loader spinner\"style=\"background-color:#000000\"><\/div><div id=\"supsystic-table-1_97757\" class=\"supsystic-tables-wrap \" style=\" width:320px; visibility: hidden; \" data-table-width-fixed=\"320px\" data-table-width-mobile=\"320px\" ><table id=\"supsystic-table-1\" class=\"supsystic-table border lightboxImg cell-border\" data-id=\"1\" data-view-id=\"1_97757\" data-title=\"Bingo Box\" data-currency-format=\"$1,000.00\" data-percent-format=\"10.00%\" data-date-format=\"DD.MM.YYYY\" data-time-format=\"HH:mm\" data-features=\"[&quot;after_table_loaded_script&quot;]\" data-search-value=\"\" data-lightbox-img=\"\" data-head-rows-count=\"1\" data-pagination-length=\"50,100,All\" data-auto-index=\"off\" data-searching-settings=\"{&quot;columnSearchPosition&quot;:&quot;bottom&quot;,&quot;minChars&quot;:&quot;0&quot;}\" data-lang=\"default\" data-override=\"{&quot;emptyTable&quot;:&quot;&quot;,&quot;info&quot;:&quot;&quot;,&quot;infoEmpty&quot;:&quot;&quot;,&quot;infoFiltered&quot;:&quot;&quot;,&quot;lengthMenu&quot;:&quot;&quot;,&quot;search&quot;:&quot;&quot;,&quot;previous&quot;:&quot;&quot;,&quot;next&quot;:&quot;&quot;,&quot;zeroRecords&quot;:&quot;&quot;,&quot;exportLabel&quot;:&quot;&quot;,&quot;file&quot;:&quot;default&quot;}\" data-merged=\"[]\" data-responsive-mode=\"0\" data-from-history=\"0\" ><thead><tr><th class=\"\" style=\"width:; padding: 0 !important;\"><\/th><th class=\"\" style=\"width:; padding: 0 !important;\"><\/th><\/tr><\/thead><tbody><tr style=\"height:px\" ><td data-cell-id=\"A1\" data-x=\"0\" data-y=\"1\" data-db-index=\"1\" class=\"\" data-cell-type=\"text\" data-original-value=\"Bingo Box\" data-order=\"Bingo Box\" style=\"min-width:40.0862%; \" >Bingo Box <\/td><td data-cell-id=\"B1\" data-x=\"1\" data-y=\"1\" data-db-index=\"1\" class=\"\" data-cell-type=\"text\" data-original-value=\"10cm D \u2013 4.5cm H\" data-order=\"10cm D \u2013 4.5cm H\" style=\"min-width:59.9138%; \" >10cm D \u2013 4.5cm H <\/td><\/tr><tr style=\"height:px\" ><td data-cell-id=\"A2\" data-x=\"0\" data-y=\"2\" data-db-index=\"2\" class=\"\" data-cell-type=\"text\" data-original-value=\"Maxi Bingo Box\" data-order=\"Maxi Bingo Box\" >Maxi Bingo Box <\/td><td data-cell-id=\"B2\" data-x=\"1\" data-y=\"2\" data-db-index=\"2\" class=\"\" data-cell-type=\"text\" data-original-value=\"10cm D \u2013 8cm H\" data-order=\"10cm D \u2013 8cm H\" >10cm D \u2013 8cm H <\/td><\/tr><\/tbody><\/table><!-- \/#supsystic-table-1.supsystic-table --><\/div><!-- \/.supsystic-tables-wrap --><!-- Tables Generator by Supsystic --><!-- Version:1.11.0 --><!-- http:\/\/supsystic.com\/ --><a title=\"WordPress Tables\" style=\"display:none;\" href=\"https:\/\/supsystic.com\/plugins\/wordpress-data-table-plugin\/?utm_medium=love_link\" target=\"_blank\">WordPress Tables<\/a>\n<p>[\/et_pb_text][et_pb_button button_url=&#8220;@ET-DC@eyJkeW5hbWljIjp0cnVlLCJjb250ZW50IjoicG9zdF9saW5rX3VybF9wYWdlIiwic2V0dGluZ3MiOnsicG9zdF9pZCI6IjQ2In19@&#8220; button_text=&#8220;Bestellen&#8220; button_alignment=&#8220;right&#8220; _builder_version=&#8220;4.25.0&#8243; _dynamic_attributes=&#8220;button_url&#8220; _module_preset=&#8220;default&#8220; global_colors_info=&#8220;{}&#8220;][\/et_pb_button][\/et_pb_column][\/et_pb_row][et_pb_row _builder_version=&#8220;4.25.0&#8243; _module_preset=&#8220;default&#8220; background_enable_color=&#8220;off&#8220; border_radii=&#8220;on|20px|20px|20px|20px&#8220; global_colors_info=&#8220;{}&#8220;][et_pb_column type=&#8220;4_4&#8243; _builder_version=&#8220;4.25.0&#8243; _module_preset=&#8220;default&#8220; global_colors_info=&#8220;{}&#8220;][et_pb_gallery gallery_ids=&#8220;310,315,314,313,311,312&#8243; hover_icon=&#8220;0||divi||400&#8243; _builder_version=&#8220;4.25.0&#8243; _module_preset=&#8220;default&#8220; global_colors_info=&#8220;{}&#8220;][\/et_pb_gallery][\/et_pb_column][\/et_pb_row][\/et_pb_section]<\/p>\n","protected":false},"excerpt":{"rendered":"<p>Bingo Box (magnetisch)Denken Sie daran, um Ihr Spielerlebnis zu vereinfachen! Unsere mit dem Sinn f\u00fcr Details entworfene Bingo Box ist mehr als nur ein Accessoire &#8211; sie ist eine hauseigene Kreation, die entwickelt wurde, um selbst die anspruchsvollsten Spieler zu begeistern. Ihre goldene Farbe und ihr raffiniertes Design machen sie zu einem einzigartigen Objekt, das [&hellip;]<\/p>\n","protected":false},"author":2,"featured_media":0,"parent":0,"menu_order":0,"comment_status":"closed","ping_status":"closed","template":"","meta":{"_et_pb_use_builder":"on","_et_pb_old_content":"","_et_gb_content_width":"","footnotes":""},"class_list":["post-605","page","type-page","status-publish","hentry"],"yoast_head":"<!-- This site is optimized with the Yoast SEO plugin v27.3 - https:\/\/yoast.com\/product\/yoast-seo-wordpress\/ -->\n<title>Bingo Box - Loto Distribution<\/title>\n<meta name=\"description\" content=\"Unsere Bingo Box erm\u00f6glicht es Ihnen, Ihre magnetischen Chips aufzubewahren, aber auch, sie mit ihrer magnetischen Version schnell aufzuheben.\" \/>\n<meta name=\"robots\" content=\"index, follow, max-snippet:-1, max-image-preview:large, max-video-preview:-1\" \/>\n<link rel=\"canonical\" href=\"https:\/\/loto-distribution.ch\/de\/bingo-box\/\" \/>\n<meta property=\"og:locale\" content=\"de_DE\" \/>\n<meta property=\"og:type\" content=\"article\" \/>\n<meta property=\"og:title\" content=\"Bingo Box - Loto Distribution\" \/>\n<meta property=\"og:description\" content=\"Unsere Bingo Box erm\u00f6glicht es Ihnen, Ihre magnetischen Chips aufzubewahren, aber auch, sie mit ihrer magnetischen Version schnell aufzuheben.\" \/>\n<meta property=\"og:url\" content=\"https:\/\/loto-distribution.ch\/de\/bingo-box\/\" \/>\n<meta property=\"og:site_name\" content=\"Loto Distribution\" \/>\n<meta property=\"article:modified_time\" content=\"2024-07-10T07:07:56+00:00\" \/>\n<meta property=\"og:image\" content=\"https:\/\/loto-distribution.ch\/wp-content\/uploads\/2024\/05\/logo-loto-distribution.png\" \/>\n\t<meta property=\"og:image:width\" content=\"1200\" \/>\n\t<meta property=\"og:image:height\" content=\"675\" \/>\n\t<meta property=\"og:image:type\" content=\"image\/png\" \/>\n<meta name=\"twitter:card\" content=\"summary_large_image\" \/>\n<meta name=\"twitter:label1\" content=\"Gesch\u00e4tzte Lesezeit\" \/>\n\t<meta name=\"twitter:data1\" content=\"3\u00a0Minuten\" \/>\n<script type=\"application\/ld+json\" class=\"yoast-schema-graph\">{\"@context\":\"https:\\\/\\\/schema.org\",\"@graph\":[{\"@type\":\"WebPage\",\"@id\":\"https:\\\/\\\/loto-distribution.ch\\\/de\\\/bingo-box\\\/\",\"url\":\"https:\\\/\\\/loto-distribution.ch\\\/de\\\/bingo-box\\\/\",\"name\":\"Bingo Box - Loto Distribution\",\"isPartOf\":{\"@id\":\"https:\\\/\\\/loto-distribution.ch\\\/de\\\/#website\"},\"datePublished\":\"2024-05-02T13:42:17+00:00\",\"dateModified\":\"2024-07-10T07:07:56+00:00\",\"description\":\"Unsere Bingo Box erm\u00f6glicht es Ihnen, Ihre magnetischen Chips aufzubewahren, aber auch, sie mit ihrer magnetischen Version schnell aufzuheben.\",\"breadcrumb\":{\"@id\":\"https:\\\/\\\/loto-distribution.ch\\\/de\\\/bingo-box\\\/#breadcrumb\"},\"inLanguage\":\"de\",\"potentialAction\":[{\"@type\":\"ReadAction\",\"target\":[\"https:\\\/\\\/loto-distribution.ch\\\/de\\\/bingo-box\\\/\"]}]},{\"@type\":\"BreadcrumbList\",\"@id\":\"https:\\\/\\\/loto-distribution.ch\\\/de\\\/bingo-box\\\/#breadcrumb\",\"itemListElement\":[{\"@type\":\"ListItem\",\"position\":1,\"name\":\"Accueil\",\"item\":\"https:\\\/\\\/loto-distribution.ch\\\/de\\\/\"},{\"@type\":\"ListItem\",\"position\":2,\"name\":\"Bingo Box\"}]},{\"@type\":\"WebSite\",\"@id\":\"https:\\\/\\\/loto-distribution.ch\\\/de\\\/#website\",\"url\":\"https:\\\/\\\/loto-distribution.ch\\\/de\\\/\",\"name\":\"Loto Distribution\",\"description\":\"Home of the Bingo Box\",\"publisher\":{\"@id\":\"https:\\\/\\\/loto-distribution.ch\\\/de\\\/#organization\"},\"potentialAction\":[{\"@type\":\"SearchAction\",\"target\":{\"@type\":\"EntryPoint\",\"urlTemplate\":\"https:\\\/\\\/loto-distribution.ch\\\/de\\\/?s={search_term_string}\"},\"query-input\":{\"@type\":\"PropertyValueSpecification\",\"valueRequired\":true,\"valueName\":\"search_term_string\"}}],\"inLanguage\":\"de\"},{\"@type\":\"Organization\",\"@id\":\"https:\\\/\\\/loto-distribution.ch\\\/de\\\/#organization\",\"name\":\"Loto Distribution\",\"url\":\"https:\\\/\\\/loto-distribution.ch\\\/de\\\/\",\"logo\":{\"@type\":\"ImageObject\",\"inLanguage\":\"de\",\"@id\":\"https:\\\/\\\/loto-distribution.ch\\\/de\\\/#\\\/schema\\\/logo\\\/image\\\/\",\"url\":\"https:\\\/\\\/loto-distribution.ch\\\/wp-content\\\/uploads\\\/2024\\\/05\\\/OR.png\",\"contentUrl\":\"https:\\\/\\\/loto-distribution.ch\\\/wp-content\\\/uploads\\\/2024\\\/05\\\/OR.png\",\"width\":4501,\"height\":4501,\"caption\":\"Loto Distribution\"},\"image\":{\"@id\":\"https:\\\/\\\/loto-distribution.ch\\\/de\\\/#\\\/schema\\\/logo\\\/image\\\/\"}}]}<\/script>\n<!-- \/ Yoast SEO plugin. -->","yoast_head_json":{"title":"Bingo Box - Loto Distribution","description":"Unsere Bingo Box erm\u00f6glicht es Ihnen, Ihre magnetischen Chips aufzubewahren, aber auch, sie mit ihrer magnetischen Version schnell aufzuheben.","robots":{"index":"index","follow":"follow","max-snippet":"max-snippet:-1","max-image-preview":"max-image-preview:large","max-video-preview":"max-video-preview:-1"},"canonical":"https:\/\/loto-distribution.ch\/de\/bingo-box\/","og_locale":"de_DE","og_type":"article","og_title":"Bingo Box - Loto Distribution","og_description":"Unsere Bingo Box erm\u00f6glicht es Ihnen, Ihre magnetischen Chips aufzubewahren, aber auch, sie mit ihrer magnetischen Version schnell aufzuheben.","og_url":"https:\/\/loto-distribution.ch\/de\/bingo-box\/","og_site_name":"Loto Distribution","article_modified_time":"2024-07-10T07:07:56+00:00","og_image":[{"width":1200,"height":675,"url":"https:\/\/loto-distribution.ch\/wp-content\/uploads\/2024\/05\/logo-loto-distribution.png","type":"image\/png"}],"twitter_card":"summary_large_image","twitter_misc":{"Gesch\u00e4tzte Lesezeit":"3\u00a0Minuten"},"schema":{"@context":"https:\/\/schema.org","@graph":[{"@type":"WebPage","@id":"https:\/\/loto-distribution.ch\/de\/bingo-box\/","url":"https:\/\/loto-distribution.ch\/de\/bingo-box\/","name":"Bingo Box - Loto Distribution","isPartOf":{"@id":"https:\/\/loto-distribution.ch\/de\/#website"},"datePublished":"2024-05-02T13:42:17+00:00","dateModified":"2024-07-10T07:07:56+00:00","description":"Unsere Bingo Box erm\u00f6glicht es Ihnen, Ihre magnetischen Chips aufzubewahren, aber auch, sie mit ihrer magnetischen Version schnell aufzuheben.","breadcrumb":{"@id":"https:\/\/loto-distribution.ch\/de\/bingo-box\/#breadcrumb"},"inLanguage":"de","potentialAction":[{"@type":"ReadAction","target":["https:\/\/loto-distribution.ch\/de\/bingo-box\/"]}]},{"@type":"BreadcrumbList","@id":"https:\/\/loto-distribution.ch\/de\/bingo-box\/#breadcrumb","itemListElement":[{"@type":"ListItem","position":1,"name":"Accueil","item":"https:\/\/loto-distribution.ch\/de\/"},{"@type":"ListItem","position":2,"name":"Bingo Box"}]},{"@type":"WebSite","@id":"https:\/\/loto-distribution.ch\/de\/#website","url":"https:\/\/loto-distribution.ch\/de\/","name":"Loto Distribution","description":"Home of the Bingo Box","publisher":{"@id":"https:\/\/loto-distribution.ch\/de\/#organization"},"potentialAction":[{"@type":"SearchAction","target":{"@type":"EntryPoint","urlTemplate":"https:\/\/loto-distribution.ch\/de\/?s={search_term_string}"},"query-input":{"@type":"PropertyValueSpecification","valueRequired":true,"valueName":"search_term_string"}}],"inLanguage":"de"},{"@type":"Organization","@id":"https:\/\/loto-distribution.ch\/de\/#organization","name":"Loto Distribution","url":"https:\/\/loto-distribution.ch\/de\/","logo":{"@type":"ImageObject","inLanguage":"de","@id":"https:\/\/loto-distribution.ch\/de\/#\/schema\/logo\/image\/","url":"https:\/\/loto-distribution.ch\/wp-content\/uploads\/2024\/05\/OR.png","contentUrl":"https:\/\/loto-distribution.ch\/wp-content\/uploads\/2024\/05\/OR.png","width":4501,"height":4501,"caption":"Loto Distribution"},"image":{"@id":"https:\/\/loto-distribution.ch\/de\/#\/schema\/logo\/image\/"}}]}},"_links":{"self":[{"href":"https:\/\/loto-distribution.ch\/de\/wp-json\/wp\/v2\/pages\/605","targetHints":{"allow":["GET"]}}],"collection":[{"href":"https:\/\/loto-distribution.ch\/de\/wp-json\/wp\/v2\/pages"}],"about":[{"href":"https:\/\/loto-distribution.ch\/de\/wp-json\/wp\/v2\/types\/page"}],"author":[{"embeddable":true,"href":"https:\/\/loto-distribution.ch\/de\/wp-json\/wp\/v2\/users\/2"}],"replies":[{"embeddable":true,"href":"https:\/\/loto-distribution.ch\/de\/wp-json\/wp\/v2\/comments?post=605"}],"version-history":[{"count":5,"href":"https:\/\/loto-distribution.ch\/de\/wp-json\/wp\/v2\/pages\/605\/revisions"}],"predecessor-version":[{"id":750,"href":"https:\/\/loto-distribution.ch\/de\/wp-json\/wp\/v2\/pages\/605\/revisions\/750"}],"wp:attachment":[{"href":"https:\/\/loto-distribution.ch\/de\/wp-json\/wp\/v2\/media?parent=605"}],"curies":[{"name":"wp","href":"https:\/\/api.w.org\/{rel}","templated":true}]}}