{"id":602,"date":"2024-05-02T16:01:01","date_gmt":"2024-05-02T14:01:01","guid":{"rendered":"https:\/\/loto-distribution.ch\/magnetstab-und-chips\/"},"modified":"2024-06-04T14:26:47","modified_gmt":"2024-06-04T12:26:47","slug":"magnetstab-und-chips","status":"publish","type":"page","link":"https:\/\/loto-distribution.ch\/de\/magnetstab-und-chips\/","title":{"rendered":"Magnetstab und Chips"},"content":{"rendered":"<p>[et_pb_section fb_built=&#8220;1&#8243; _builder_version=&#8220;4.22.1&#8243; _module_preset=&#8220;default&#8220; global_colors_info=&#8220;{}&#8220;][et_pb_row column_structure=&#8220;1_3,2_3&#8243; _builder_version=&#8220;4.22.1&#8243; _module_preset=&#8220;default&#8220; global_colors_info=&#8220;{}&#8220;][et_pb_column type=&#8220;1_3&#8243; _builder_version=&#8220;4.22.1&#8243; _module_preset=&#8220;default&#8220; global_colors_info=&#8220;{}&#8220;][et_pb_image src=&#8220;https:\/\/loto-distribution.ch\/wp-content\/uploads\/2024\/04\/baton-aimante-et-jetons-fond.jpeg&#8220; alt=&#8220;Pinkfarbener Magnetstab und magnetische Chips&#8220; show_in_lightbox=&#8220;on&#8220; align=&#8220;center&#8220; _builder_version=&#8220;4.25.0&#8243; _module_preset=&#8220;default&#8220; width=&#8220;100%&#8220; width_tablet=&#8220;66%&#8220; width_phone=&#8220;100%&#8220; width_last_edited=&#8220;on|phone&#8220; global_colors_info=&#8220;{}&#8220;][\/et_pb_image][\/et_pb_column][et_pb_column type=&#8220;2_3&#8243; _builder_version=&#8220;4.22.1&#8243; _module_preset=&#8220;default&#8220; global_colors_info=&#8220;{}&#8220;][et_pb_text _builder_version=&#8220;4.25.0&#8243; _module_preset=&#8220;default&#8220; header_text_align=&#8220;center&#8220; global_colors_info=&#8220;{}&#8220;]<\/p>\n<h1 style=\"text-align: left;\">Magnetstab &amp; 100 magnetische Chips<\/h1>\n<p>[\/et_pb_text][et_pb_text _builder_version=&#8220;4.25.1&#8243; _module_preset=&#8220;default&#8220; hover_enabled=&#8220;0&#8243; global_colors_info=&#8220;{}&#8220; sticky_enabled=&#8220;0&#8243;]<\/p>\n<p>Durchst\u00f6bern Sie unser Angebot <strong>an hochwertigen Magnetst\u00e4ben<\/strong>, die so gestaltet sind, dass Sie die <strong>Chips<\/strong> m\u00fchelos von Ihren <strong><a href=\"https:\/\/www.infoloto.ch\/\" target=\"_blank\" rel=\"noopener\">Lottokarten<\/a><\/strong> einsammeln k\u00f6nnen. Schluss mit rollenden oder verlorenen Chips &#8211; unsere Magnetst\u00e4be sind dazu da, Ihr Spiel zu vereinfachen, damit Sie sich auf das Wesentliche konzentrieren k\u00f6nnen: das Gewinnen!<\/p>\n<p>Machen Sie sich selbst eine Freude und g\u00f6nnen Sie sich mehrere Magnetst\u00e4be in Ihren Lieblingsfarben!<\/p>\n<p><strong>MEHRFACHNUTZUNG<\/strong> : Der Magnetstab mit Chips ist ideal f\u00fcr Spieleabende mit der Familie, Treffen mit Freunden und Sch\u00fclergruppen. Der Magnetstab, der die Chips auf einmal aufnimmt, ist sehr praktisch f\u00fcr \u00e4ltere Menschen oder diejenigen, denen es schwerf\u00e4llt, kleine Gegenst\u00e4nde aufzuheben.<\/p>\n<p>[\/et_pb_text][et_pb_button button_url=&#8220;@ET-DC@eyJkeW5hbWljIjp0cnVlLCJjb250ZW50IjoicG9zdF9saW5rX3VybF9wYWdlIiwic2V0dGluZ3MiOnsicG9zdF9pZCI6IjQ2In19@&#8220; button_text=&#8220;Bestellen&#8220; button_alignment=&#8220;right&#8220; _builder_version=&#8220;4.25.0&#8243; _dynamic_attributes=&#8220;button_url&#8220; _module_preset=&#8220;default&#8220; global_colors_info=&#8220;{}&#8220;][\/et_pb_button][\/et_pb_column][\/et_pb_row][et_pb_row _builder_version=&#8220;4.25.0&#8243; _module_preset=&#8220;default&#8220; global_colors_info=&#8220;{}&#8220;][et_pb_column type=&#8220;4_4&#8243; _builder_version=&#8220;4.25.0&#8243; _module_preset=&#8220;default&#8220; global_colors_info=&#8220;{}&#8220;][et_pb_gallery gallery_ids=&#8220;352,353,355,354&#8243; hover_icon=&#8220;0||divi||400&#8243; _builder_version=&#8220;4.25.0&#8243; _module_preset=&#8220;default&#8220; global_colors_info=&#8220;{}&#8220;][\/et_pb_gallery][\/et_pb_column][\/et_pb_row][\/et_pb_section]<\/p>\n","protected":false},"excerpt":{"rendered":"<p>Magnetstab &amp; 100 magnetische ChipsDurchst\u00f6bern Sie unser Angebot an hochwertigen Magnetst\u00e4ben, die so gestaltet sind, dass Sie die Chips m\u00fchelos von Ihren Lottokarten einsammeln k\u00f6nnen. Schluss mit rollenden oder verlorenen Chips &#8211; unsere Magnetst\u00e4be sind dazu da, Ihr Spiel zu vereinfachen, damit Sie sich auf das Wesentliche konzentrieren k\u00f6nnen: das Gewinnen! Machen Sie sich selbst [&hellip;]<\/p>\n","protected":false},"author":2,"featured_media":0,"parent":0,"menu_order":0,"comment_status":"closed","ping_status":"closed","template":"","meta":{"_et_pb_use_builder":"on","_et_pb_old_content":"","_et_gb_content_width":"","footnotes":""},"class_list":["post-602","page","type-page","status-publish","hentry"],"yoast_head":"<!-- This site is optimized with the Yoast SEO plugin v27.3 - https:\/\/yoast.com\/product\/yoast-seo-wordpress\/ -->\n<title>Magnetstab und Chips - Loto Distribution<\/title>\n<meta name=\"description\" content=\"Unser Angebot an hochwertigen Magnetst\u00e4ben, die so gestaltet sind, dass Sie die Chips m\u00fchelos von Ihren Lottokarten einsammeln k\u00f6nnen.\" \/>\n<meta name=\"robots\" content=\"index, follow, max-snippet:-1, max-image-preview:large, max-video-preview:-1\" \/>\n<link rel=\"canonical\" href=\"https:\/\/loto-distribution.ch\/de\/magnetstab-und-chips\/\" \/>\n<meta property=\"og:locale\" content=\"de_DE\" \/>\n<meta property=\"og:type\" content=\"article\" \/>\n<meta property=\"og:title\" content=\"Magnetstab und Chips - Loto Distribution\" \/>\n<meta property=\"og:description\" content=\"Unser Angebot an hochwertigen Magnetst\u00e4ben, die so gestaltet sind, dass Sie die Chips m\u00fchelos von Ihren Lottokarten einsammeln k\u00f6nnen.\" \/>\n<meta property=\"og:url\" content=\"https:\/\/loto-distribution.ch\/de\/magnetstab-und-chips\/\" \/>\n<meta property=\"og:site_name\" content=\"Loto Distribution\" \/>\n<meta property=\"article:modified_time\" content=\"2024-06-04T12:26:47+00:00\" \/>\n<meta property=\"og:image\" content=\"https:\/\/loto-distribution.ch\/wp-content\/uploads\/2024\/05\/logo-loto-distribution.png\" \/>\n\t<meta property=\"og:image:width\" content=\"1200\" \/>\n\t<meta property=\"og:image:height\" content=\"675\" \/>\n\t<meta property=\"og:image:type\" content=\"image\/png\" \/>\n<meta name=\"twitter:card\" content=\"summary_large_image\" \/>\n<meta name=\"twitter:label1\" content=\"Gesch\u00e4tzte Lesezeit\" \/>\n\t<meta name=\"twitter:data1\" content=\"2\u00a0Minuten\" \/>\n<script type=\"application\/ld+json\" class=\"yoast-schema-graph\">{\"@context\":\"https:\\\/\\\/schema.org\",\"@graph\":[{\"@type\":\"WebPage\",\"@id\":\"https:\\\/\\\/loto-distribution.ch\\\/de\\\/magnetstab-und-chips\\\/\",\"url\":\"https:\\\/\\\/loto-distribution.ch\\\/de\\\/magnetstab-und-chips\\\/\",\"name\":\"Magnetstab und Chips - Loto Distribution\",\"isPartOf\":{\"@id\":\"https:\\\/\\\/loto-distribution.ch\\\/de\\\/#website\"},\"datePublished\":\"2024-05-02T14:01:01+00:00\",\"dateModified\":\"2024-06-04T12:26:47+00:00\",\"description\":\"Unser Angebot an hochwertigen Magnetst\u00e4ben, die so gestaltet sind, dass Sie die Chips m\u00fchelos von Ihren Lottokarten einsammeln k\u00f6nnen.\",\"breadcrumb\":{\"@id\":\"https:\\\/\\\/loto-distribution.ch\\\/de\\\/magnetstab-und-chips\\\/#breadcrumb\"},\"inLanguage\":\"de\",\"potentialAction\":[{\"@type\":\"ReadAction\",\"target\":[\"https:\\\/\\\/loto-distribution.ch\\\/de\\\/magnetstab-und-chips\\\/\"]}]},{\"@type\":\"BreadcrumbList\",\"@id\":\"https:\\\/\\\/loto-distribution.ch\\\/de\\\/magnetstab-und-chips\\\/#breadcrumb\",\"itemListElement\":[{\"@type\":\"ListItem\",\"position\":1,\"name\":\"Accueil\",\"item\":\"https:\\\/\\\/loto-distribution.ch\\\/de\\\/\"},{\"@type\":\"ListItem\",\"position\":2,\"name\":\"Magnetstab und Chips\"}]},{\"@type\":\"WebSite\",\"@id\":\"https:\\\/\\\/loto-distribution.ch\\\/de\\\/#website\",\"url\":\"https:\\\/\\\/loto-distribution.ch\\\/de\\\/\",\"name\":\"Loto Distribution\",\"description\":\"Home of the Bingo Box\",\"publisher\":{\"@id\":\"https:\\\/\\\/loto-distribution.ch\\\/de\\\/#organization\"},\"potentialAction\":[{\"@type\":\"SearchAction\",\"target\":{\"@type\":\"EntryPoint\",\"urlTemplate\":\"https:\\\/\\\/loto-distribution.ch\\\/de\\\/?s={search_term_string}\"},\"query-input\":{\"@type\":\"PropertyValueSpecification\",\"valueRequired\":true,\"valueName\":\"search_term_string\"}}],\"inLanguage\":\"de\"},{\"@type\":\"Organization\",\"@id\":\"https:\\\/\\\/loto-distribution.ch\\\/de\\\/#organization\",\"name\":\"Loto Distribution\",\"url\":\"https:\\\/\\\/loto-distribution.ch\\\/de\\\/\",\"logo\":{\"@type\":\"ImageObject\",\"inLanguage\":\"de\",\"@id\":\"https:\\\/\\\/loto-distribution.ch\\\/de\\\/#\\\/schema\\\/logo\\\/image\\\/\",\"url\":\"https:\\\/\\\/loto-distribution.ch\\\/wp-content\\\/uploads\\\/2024\\\/05\\\/OR.png\",\"contentUrl\":\"https:\\\/\\\/loto-distribution.ch\\\/wp-content\\\/uploads\\\/2024\\\/05\\\/OR.png\",\"width\":4501,\"height\":4501,\"caption\":\"Loto Distribution\"},\"image\":{\"@id\":\"https:\\\/\\\/loto-distribution.ch\\\/de\\\/#\\\/schema\\\/logo\\\/image\\\/\"}}]}<\/script>\n<!-- \/ Yoast SEO plugin. -->","yoast_head_json":{"title":"Magnetstab und Chips - Loto Distribution","description":"Unser Angebot an hochwertigen Magnetst\u00e4ben, die so gestaltet sind, dass Sie die Chips m\u00fchelos von Ihren Lottokarten einsammeln k\u00f6nnen.","robots":{"index":"index","follow":"follow","max-snippet":"max-snippet:-1","max-image-preview":"max-image-preview:large","max-video-preview":"max-video-preview:-1"},"canonical":"https:\/\/loto-distribution.ch\/de\/magnetstab-und-chips\/","og_locale":"de_DE","og_type":"article","og_title":"Magnetstab und Chips - Loto Distribution","og_description":"Unser Angebot an hochwertigen Magnetst\u00e4ben, die so gestaltet sind, dass Sie die Chips m\u00fchelos von Ihren Lottokarten einsammeln k\u00f6nnen.","og_url":"https:\/\/loto-distribution.ch\/de\/magnetstab-und-chips\/","og_site_name":"Loto Distribution","article_modified_time":"2024-06-04T12:26:47+00:00","og_image":[{"width":1200,"height":675,"url":"https:\/\/loto-distribution.ch\/wp-content\/uploads\/2024\/05\/logo-loto-distribution.png","type":"image\/png"}],"twitter_card":"summary_large_image","twitter_misc":{"Gesch\u00e4tzte Lesezeit":"2\u00a0Minuten"},"schema":{"@context":"https:\/\/schema.org","@graph":[{"@type":"WebPage","@id":"https:\/\/loto-distribution.ch\/de\/magnetstab-und-chips\/","url":"https:\/\/loto-distribution.ch\/de\/magnetstab-und-chips\/","name":"Magnetstab und Chips - Loto Distribution","isPartOf":{"@id":"https:\/\/loto-distribution.ch\/de\/#website"},"datePublished":"2024-05-02T14:01:01+00:00","dateModified":"2024-06-04T12:26:47+00:00","description":"Unser Angebot an hochwertigen Magnetst\u00e4ben, die so gestaltet sind, dass Sie die Chips m\u00fchelos von Ihren Lottokarten einsammeln k\u00f6nnen.","breadcrumb":{"@id":"https:\/\/loto-distribution.ch\/de\/magnetstab-und-chips\/#breadcrumb"},"inLanguage":"de","potentialAction":[{"@type":"ReadAction","target":["https:\/\/loto-distribution.ch\/de\/magnetstab-und-chips\/"]}]},{"@type":"BreadcrumbList","@id":"https:\/\/loto-distribution.ch\/de\/magnetstab-und-chips\/#breadcrumb","itemListElement":[{"@type":"ListItem","position":1,"name":"Accueil","item":"https:\/\/loto-distribution.ch\/de\/"},{"@type":"ListItem","position":2,"name":"Magnetstab und Chips"}]},{"@type":"WebSite","@id":"https:\/\/loto-distribution.ch\/de\/#website","url":"https:\/\/loto-distribution.ch\/de\/","name":"Loto Distribution","description":"Home of the Bingo Box","publisher":{"@id":"https:\/\/loto-distribution.ch\/de\/#organization"},"potentialAction":[{"@type":"SearchAction","target":{"@type":"EntryPoint","urlTemplate":"https:\/\/loto-distribution.ch\/de\/?s={search_term_string}"},"query-input":{"@type":"PropertyValueSpecification","valueRequired":true,"valueName":"search_term_string"}}],"inLanguage":"de"},{"@type":"Organization","@id":"https:\/\/loto-distribution.ch\/de\/#organization","name":"Loto Distribution","url":"https:\/\/loto-distribution.ch\/de\/","logo":{"@type":"ImageObject","inLanguage":"de","@id":"https:\/\/loto-distribution.ch\/de\/#\/schema\/logo\/image\/","url":"https:\/\/loto-distribution.ch\/wp-content\/uploads\/2024\/05\/OR.png","contentUrl":"https:\/\/loto-distribution.ch\/wp-content\/uploads\/2024\/05\/OR.png","width":4501,"height":4501,"caption":"Loto Distribution"},"image":{"@id":"https:\/\/loto-distribution.ch\/de\/#\/schema\/logo\/image\/"}}]}},"_links":{"self":[{"href":"https:\/\/loto-distribution.ch\/de\/wp-json\/wp\/v2\/pages\/602","targetHints":{"allow":["GET"]}}],"collection":[{"href":"https:\/\/loto-distribution.ch\/de\/wp-json\/wp\/v2\/pages"}],"about":[{"href":"https:\/\/loto-distribution.ch\/de\/wp-json\/wp\/v2\/types\/page"}],"author":[{"embeddable":true,"href":"https:\/\/loto-distribution.ch\/de\/wp-json\/wp\/v2\/users\/2"}],"replies":[{"embeddable":true,"href":"https:\/\/loto-distribution.ch\/de\/wp-json\/wp\/v2\/comments?post=602"}],"version-history":[{"count":5,"href":"https:\/\/loto-distribution.ch\/de\/wp-json\/wp\/v2\/pages\/602\/revisions"}],"predecessor-version":[{"id":726,"href":"https:\/\/loto-distribution.ch\/de\/wp-json\/wp\/v2\/pages\/602\/revisions\/726"}],"wp:attachment":[{"href":"https:\/\/loto-distribution.ch\/de\/wp-json\/wp\/v2\/media?parent=602"}],"curies":[{"name":"wp","href":"https:\/\/api.w.org\/{rel}","templated":true}]}}