{"id":599,"date":"2023-11-22T15:31:52","date_gmt":"2023-11-22T14:31:52","guid":{"rendered":"https:\/\/loto-distribution.ch\/startseite\/"},"modified":"2024-06-04T14:23:27","modified_gmt":"2024-06-04T12:23:27","slug":"startseite","status":"publish","type":"page","link":"https:\/\/loto-distribution.ch\/de\/","title":{"rendered":"Startseite"},"content":{"rendered":"<p>[et_pb_section fb_built=&#8220;1&#8243; fullwidth=&#8220;on&#8220; _builder_version=&#8220;4.25.0&#8243; _module_preset=&#8220;default&#8220; background_color=&#8220;rgba(255,255,255,0.35)&#8220; background_image=&#8220;https:\/\/loto-distribution.ch\/wp-content\/uploads\/2024\/05\/Banner_loto_1.png&#8220; background_blend=&#8220;overlay&#8220; min_height=&#8220;220px&#8220; height=&#8220;220px&#8220; global_colors_info=&#8220;{}&#8220;][\/et_pb_section][et_pb_section fb_built=&#8220;1&#8243; _builder_version=&#8220;4.25.0&#8243; _module_preset=&#8220;default&#8220; custom_margin=&#8220;||0px||false|false&#8220; custom_padding=&#8220;||0px||false|false&#8220; global_colors_info=&#8220;{}&#8220;][et_pb_row _builder_version=&#8220;4.22.1&#8243; _module_preset=&#8220;default&#8220; global_colors_info=&#8220;{}&#8220;][et_pb_column type=&#8220;4_4&#8243; _builder_version=&#8220;4.22.1&#8243; _module_preset=&#8220;default&#8220; global_colors_info=&#8220;{}&#8220;][et_pb_text _builder_version=&#8220;4.25.0&#8243; _module_preset=&#8220;default&#8220; global_colors_info=&#8220;{}&#8220;]<\/p>\n<h1>Ihr zuverl\u00e4ssiger Partner f\u00fcr Ihr Lotto-Zubeh\u00f6r!<\/h1>\n<p>[\/et_pb_text][et_pb_text _builder_version=&#8220;4.25.1&#8243; _module_preset=&#8220;default&#8220; hover_enabled=&#8220;0&#8243; global_colors_info=&#8220;{}&#8220; sticky_enabled=&#8220;0&#8243;]<\/p>\n<p>Loto Distribution ist Ihr Online-Zielort f\u00fcr alles, was Sie brauchen, um problemlos Lotto zu spielen! Wir haben uns <strong>seit 1991 auf Lotto-Zubeh\u00f6r<\/strong>spezialisiert und sind die Erfinder der <a href=\"https:\/\/loto-distribution.ch\/de\/bingo-box\/\"><strong>Bingo Box.<\/strong><\/a> Egal, ob Sie schon lange ein Lottofan oder ein begeisterter Anf\u00e4nger sind, bei uns finden Sie die Lieblingsartikel aller Lottospieler.<\/p>\n<p>Entdecken Sie unsere Auswahl an <a href=\"https:\/\/loto-distribution.ch\/de\/bingo-box\/\"><strong>Bingo Box<\/strong><\/a> (klassisch oder maxi), <a href=\"https:\/\/loto-distribution.ch\/de\/magnetische-chips\/\"><strong>Magnetst\u00e4ben<\/strong><\/a>, <a href=\"https:\/\/loto-distribution.ch\/de\/sunsational-und-dab-o-ink-bingo-marker\/\"><strong>Marker <\/strong><\/a>und <a href=\"https:\/\/loto-distribution.ch\/de\/magnetische-chips\/\"><strong>magnetischen Chips<\/strong><\/a>! Jeder dieser Artikel wurde sorgf\u00e4ltig entworfen, um Ihnen ein reibungsloses und angenehmes Spielerlebnis zu bieten, sei es zu Hause oder bei besonderen Anl\u00e4ssen.<\/p>\n<p>St\u00f6bern Sie jetzt in unserem <a href=\"https:\/\/loto-distribution.ch\/boutique\/\">Shop<\/a> und finden Sie das perfekte <a href=\"https:\/\/www.infoloto.ch\/\" target=\"_blank\" rel=\"noopener\">Lotto-Zubeh\u00f6r<\/a>, um Ihre eigene Sammlung zu vervollst\u00e4ndigen oder einem Freund ein Geschenk zu machen.<\/p>\n<p><em>Bei Loto Distribution steht Ihre Zufriedenheit an erster Stelle. Wir verpflichten uns, Ihnen bei jeder Bestellung erstklassige Produkte und einen au\u00dfergew\u00f6hnlichen Kundendienst zu bieten.<\/em><\/p>\n<p>[\/et_pb_text][et_pb_divider divider_weight=&#8220;5px&#8220; _builder_version=&#8220;4.24.3&#8243; _module_preset=&#8220;default&#8220; global_colors_info=&#8220;{}&#8220;][\/et_pb_divider][\/et_pb_column][\/et_pb_row][\/et_pb_section][et_pb_section fb_built=&#8220;1&#8243; module_id=&#8220;ancre_produits&#8220; _builder_version=&#8220;4.25.0&#8243; _module_preset=&#8220;default&#8220; custom_margin=&#8220;0px||||false|false&#8220; custom_padding=&#8220;0px||||false|false&#8220; global_colors_info=&#8220;{}&#8220;][et_pb_row column_structure=&#8220;1_3,2_3&#8243; module_class=&#8220;reverse-columns-mobile&#8220; _builder_version=&#8220;4.24.3&#8243; _module_preset=&#8220;default&#8220; global_colors_info=&#8220;{}&#8220;][et_pb_column type=&#8220;1_3&#8243; _builder_version=&#8220;4.24.3&#8243; _module_preset=&#8220;default&#8220; global_colors_info=&#8220;{}&#8220;][et_pb_image src=&#8220;https:\/\/loto-distribution.ch\/wp-content\/uploads\/2024\/04\/maxi-bingo-box-fond.jpeg&#8220; alt=&#8220;Maxi bingo box&#8220; align=&#8220;center&#8220; _builder_version=&#8220;4.25.0&#8243; _module_preset=&#8220;default&#8220; width=&#8220;100%&#8220; width_tablet=&#8220;48%&#8220; width_phone=&#8220;100%&#8220; width_last_edited=&#8220;on|phone&#8220; custom_margin=&#8220;30px||||false|false&#8220; custom_margin_tablet=&#8220;50px||||false|false&#8220; custom_margin_phone=&#8220;50px||||false|false&#8220; custom_margin_last_edited=&#8220;on|tablet&#8220; global_colors_info=&#8220;{}&#8220;][\/et_pb_image][\/et_pb_column][et_pb_column type=&#8220;2_3&#8243; _builder_version=&#8220;4.24.3&#8243; _module_preset=&#8220;default&#8220; global_colors_info=&#8220;{}&#8220;][et_pb_text _builder_version=&#8220;4.25.0&#8243; _module_preset=&#8220;default&#8220; global_colors_info=&#8220;{}&#8220;]<\/p>\n<h2>Bingo Box<\/h2>\n<p>[\/et_pb_text][et_pb_text _builder_version=&#8220;4.25.0&#8243; _module_preset=&#8220;default&#8220; global_colors_info=&#8220;{}&#8220;]<\/p>\n<p>Denken Sie daran, um Ihr Spielerlebnis zu vereinfachen!<\/p>\n<p>Unsere mit dem Sinn f\u00fcr Details entworfene Bingo Box ist mehr als nur ein Accessoire &#8211; sie ist eine hauseigene Kreation, die entwickelt wurde, um selbst die anspruchsvollsten Spieler zu begeistern. Ihre goldene Farbe und ihr raffiniertes Design machen sie zu einem einzigartigen Objekt, das Ihren Lottospielen einen glamour\u00f6sen Touch verleiht.<\/p>\n<p>[\/et_pb_text][et_pb_button button_url=&#8220;https:\/\/loto-distribution.ch\/de\/bingo-box\/&#8220; button_text=&#8220;Mehr erfahren&#8220; button_alignment=&#8220;right&#8220; button_alignment_tablet=&#8220;left&#8220; button_alignment_phone=&#8220;left&#8220; button_alignment_last_edited=&#8220;on|tablet&#8220; _builder_version=&#8220;4.25.0&#8243; _module_preset=&#8220;default&#8220; global_colors_info=&#8220;{}&#8220;][\/et_pb_button][\/et_pb_column][\/et_pb_row][et_pb_row _builder_version=&#8220;4.25.0&#8243; _module_preset=&#8220;default&#8220; global_colors_info=&#8220;{}&#8220;][et_pb_column type=&#8220;4_4&#8243; _builder_version=&#8220;4.25.0&#8243; _module_preset=&#8220;default&#8220; global_colors_info=&#8220;{}&#8220;][et_pb_divider divider_weight=&#8220;5px&#8220; _builder_version=&#8220;4.24.3&#8243; _module_preset=&#8220;default&#8220; global_colors_info=&#8220;{}&#8220;][\/et_pb_divider][\/et_pb_column][\/et_pb_row][et_pb_row column_structure=&#8220;2_3,1_3&#8243; _builder_version=&#8220;4.24.3&#8243; _module_preset=&#8220;default&#8220; global_colors_info=&#8220;{}&#8220;][et_pb_column type=&#8220;2_3&#8243; _builder_version=&#8220;4.24.3&#8243; _module_preset=&#8220;default&#8220; global_colors_info=&#8220;{}&#8220;][et_pb_text _builder_version=&#8220;4.25.0&#8243; _module_preset=&#8220;default&#8220; global_colors_info=&#8220;{}&#8220;]<\/p>\n<h2>Magnetstab &amp; 100 magnetische Chips<\/h2>\n<p>[\/et_pb_text][et_pb_text _builder_version=&#8220;4.25.0&#8243; _module_preset=&#8220;default&#8220; global_colors_info=&#8220;{}&#8220;]<\/p>\n<p>Durchst\u00f6bern Sie unser Angebot an hochwertigen Magnetst\u00e4ben, die so gestaltet sind, dass Sie die Chips m\u00fchelos von Ihren Lottokarten einsammeln k\u00f6nnen. Schluss mit rollenden oder verlorenen Chips &#8211; unsere Magnetst\u00e4be sind dazu da, Ihr Spiel zu vereinfachen, damit Sie sich auf das Wesentliche konzentrieren k\u00f6nnen: das Gewinnen!<\/p>\n<p>[\/et_pb_text][et_pb_button button_url=&#8220;@ET-DC@eyJkeW5hbWljIjp0cnVlLCJjb250ZW50IjoicG9zdF9saW5rX3VybF9wYWdlIiwic2V0dGluZ3MiOnsicG9zdF9pZCI6IjMwMyJ9fQ==@&#8220; button_text=&#8220;Mehr erfahren&#8220; button_alignment=&#8220;left&#8220; _builder_version=&#8220;4.25.0&#8243; _dynamic_attributes=&#8220;button_url&#8220; _module_preset=&#8220;default&#8220; global_colors_info=&#8220;{}&#8220;][\/et_pb_button][\/et_pb_column][et_pb_column type=&#8220;1_3&#8243; _builder_version=&#8220;4.24.3&#8243; _module_preset=&#8220;default&#8220; global_colors_info=&#8220;{}&#8220;][et_pb_image src=&#8220;https:\/\/loto-distribution.ch\/wp-content\/uploads\/2024\/04\/baton-aimante-et-jetons-fond.jpeg&#8220; alt=&#8220;Pinkfarbener Magnetstab und magnetische Chips&#8220; align=&#8220;center&#8220; _builder_version=&#8220;4.25.0&#8243; _module_preset=&#8220;default&#8220; width=&#8220;100%&#8220; width_tablet=&#8220;48%&#8220; width_phone=&#8220;100%&#8220; width_last_edited=&#8220;on|phone&#8220; custom_margin=&#8220;30px||||false|false&#8220; global_colors_info=&#8220;{}&#8220;][\/et_pb_image][\/et_pb_column][\/et_pb_row][et_pb_row disabled_on=&#8220;off|off|off&#8220; _builder_version=&#8220;4.25.0&#8243; _module_preset=&#8220;default&#8220; global_colors_info=&#8220;{}&#8220;][et_pb_column type=&#8220;4_4&#8243; _builder_version=&#8220;4.24.3&#8243; _module_preset=&#8220;default&#8220; global_colors_info=&#8220;{}&#8220;][et_pb_divider divider_weight=&#8220;5px&#8220; _builder_version=&#8220;4.24.3&#8243; _module_preset=&#8220;default&#8220; global_colors_info=&#8220;{}&#8220;][\/et_pb_divider][\/et_pb_column][\/et_pb_row][et_pb_row column_structure=&#8220;1_3,2_3&#8243; module_class=&#8220;reverse-columns-mobile&#8220; _builder_version=&#8220;4.24.3&#8243; _module_preset=&#8220;default&#8220; global_colors_info=&#8220;{}&#8220;][et_pb_column type=&#8220;1_3&#8243; _builder_version=&#8220;4.24.3&#8243; _module_preset=&#8220;default&#8220; global_colors_info=&#8220;{}&#8220;][et_pb_image src=&#8220;https:\/\/loto-distribution.ch\/wp-content\/uploads\/2024\/05\/maxi-feutrev2.jpg&#8220; alt=&#8220;Maxi Marker&#8220; align=&#8220;center&#8220; _builder_version=&#8220;4.25.0&#8243; _module_preset=&#8220;default&#8220; width=&#8220;100%&#8220; width_tablet=&#8220;48%&#8220; width_phone=&#8220;100%&#8220; width_last_edited=&#8220;on|phone&#8220; custom_margin=&#8220;30px||||false|false&#8220; custom_margin_tablet=&#8220;50px||||false|false&#8220; custom_margin_phone=&#8220;50px||||false|false&#8220; custom_margin_last_edited=&#8220;on|phone&#8220; global_colors_info=&#8220;{}&#8220;][\/et_pb_image][\/et_pb_column][et_pb_column type=&#8220;2_3&#8243; _builder_version=&#8220;4.24.3&#8243; _module_preset=&#8220;default&#8220; global_colors_info=&#8220;{}&#8220;][et_pb_text _builder_version=&#8220;4.25.0&#8243; _module_preset=&#8220;default&#8220; global_colors_info=&#8220;{}&#8220;]<\/p>\n<h2>Marker<\/h2>\n<p>[\/et_pb_text][et_pb_text _builder_version=&#8220;4.25.0&#8243; _module_preset=&#8220;default&#8220; global_colors_info=&#8220;{}&#8220;]<\/p>\n<p>Die Sunsational und Dab O Ink Bingo Marker sind in einer Reihe von leuchtenden und fluoreszierenden Farben erh\u00e4ltlich.<\/p>\n<p>Die Sunsational und Dab O Ink Bingo Marker sind mit einer gl\u00e4nzenden Tinte gestaltet, um die Sichtbarkeit f\u00fcr Spieler aller Altersgruppen zu verbessern und die Farben w\u00e4hrend der Lottospiele lebendiger zu machen.<\/p>\n<p>[\/et_pb_text][et_pb_button button_url=&#8220;https:\/\/loto-distribution.ch\/de\/sunsational-und-dab-o-ink-bingo-marker\/&#8220; button_text=&#8220;Mehr erfahren&#8220; button_alignment=&#8220;left&#8220; _builder_version=&#8220;4.25.0&#8243; _dynamic_attributes=&#8220;button_url&#8220; _module_preset=&#8220;default&#8220; global_colors_info=&#8220;{}&#8220;][\/et_pb_button][\/et_pb_column][\/et_pb_row][et_pb_row disabled_on=&#8220;off|off|off&#8220; _builder_version=&#8220;4.25.0&#8243; _module_preset=&#8220;default&#8220; global_colors_info=&#8220;{}&#8220;][et_pb_column type=&#8220;4_4&#8243; _builder_version=&#8220;4.24.3&#8243; _module_preset=&#8220;default&#8220; global_colors_info=&#8220;{}&#8220;][et_pb_divider divider_weight=&#8220;5px&#8220; _builder_version=&#8220;4.24.3&#8243; _module_preset=&#8220;default&#8220; global_colors_info=&#8220;{}&#8220;][\/et_pb_divider][\/et_pb_column][\/et_pb_row][et_pb_row column_structure=&#8220;2_3,1_3&#8243; disabled_on=&#8220;off|off|off&#8220; _builder_version=&#8220;4.25.0&#8243; _module_preset=&#8220;default&#8220; global_colors_info=&#8220;{}&#8220;][et_pb_column type=&#8220;2_3&#8243; _builder_version=&#8220;4.24.3&#8243; _module_preset=&#8220;default&#8220; global_colors_info=&#8220;{}&#8220;][et_pb_text _builder_version=&#8220;4.25.0&#8243; _module_preset=&#8220;default&#8220; global_colors_info=&#8220;{}&#8220;]<\/p>\n<h2>Magnetische Chips<\/h2>\n<p>[\/et_pb_text][et_pb_text _builder_version=&#8220;4.25.0&#8243; _module_preset=&#8220;default&#8220; global_colors_info=&#8220;{}&#8220;]<\/p>\n<p>Unsere farbigen magnetischen Chips eignen sich hervorragend, um Ihre Zahlen klar und deutlich zu markieren. Mit zuverl\u00e4ssiger Haftung und einem ansprechenden Design werden diese magnetischen Chips schnell zum unverzichtbaren Bestandteil eines jeden Lotto-Fans.<\/p>\n<p>[\/et_pb_text][et_pb_button button_url=&#8220;https:\/\/loto-distribution.ch\/de\/magnetische-chips\/&#8220; button_text=&#8220;Mehr erfahren&#8220; button_alignment=&#8220;left&#8220; _builder_version=&#8220;4.25.0&#8243; _module_preset=&#8220;default&#8220; global_colors_info=&#8220;{}&#8220;][\/et_pb_button][\/et_pb_column][et_pb_column type=&#8220;1_3&#8243; _builder_version=&#8220;4.24.3&#8243; _module_preset=&#8220;default&#8220; global_colors_info=&#8220;{}&#8220;][et_pb_image src=&#8220;https:\/\/loto-distribution.ch\/wp-content\/uploads\/2024\/04\/Box-et-jetons-fond.jpeg&#8220; alt=&#8220;Maxi Bingo Box mit 100 Chips&#8220; align=&#8220;center&#8220; _builder_version=&#8220;4.25.0&#8243; _module_preset=&#8220;default&#8220; width=&#8220;100%&#8220; width_tablet=&#8220;48%&#8220; width_phone=&#8220;100%&#8220; width_last_edited=&#8220;on|phone&#8220; custom_margin=&#8220;30px||||false|false&#8220; global_colors_info=&#8220;{}&#8220;][\/et_pb_image][\/et_pb_column][\/et_pb_row][\/et_pb_section]<\/p>\n","protected":false},"excerpt":{"rendered":"<p>Ihr zuverl\u00e4ssiger Partner f\u00fcr Ihr Lotto-Zubeh\u00f6r!Loto Distribution ist Ihr Online-Zielort f\u00fcr alles, was Sie brauchen, um problemlos Lotto zu spielen! Wir haben uns seit 1991 auf Lotto-Zubeh\u00f6rspezialisiert und sind die Erfinder der Bingo Box. Egal, ob Sie schon lange ein Lottofan oder ein begeisterter Anf\u00e4nger sind, bei uns finden Sie die Lieblingsartikel aller Lottospieler. Entdecken [&hellip;]<\/p>\n","protected":false},"author":2,"featured_media":0,"parent":0,"menu_order":0,"comment_status":"closed","ping_status":"closed","template":"","meta":{"_et_pb_use_builder":"on","_et_pb_old_content":"","_et_gb_content_width":"","footnotes":""},"class_list":["post-599","page","type-page","status-publish","hentry"],"yoast_head":"<!-- This site is optimized with the Yoast SEO plugin v27.3 - https:\/\/yoast.com\/product\/yoast-seo-wordpress\/ -->\n<title>Startseite - Loto Distribution<\/title>\n<meta name=\"description\" content=\"Ihr zuverl\u00e4ssiger Partner f\u00fcr Ihr Lotto-Zubeh\u00f6r seit 1991. Bingo Box, Magnetstab, Marker und magnetische Chips\" \/>\n<meta name=\"robots\" content=\"index, follow, max-snippet:-1, max-image-preview:large, max-video-preview:-1\" \/>\n<link rel=\"canonical\" href=\"https:\/\/loto-distribution.ch\/de\/\" \/>\n<meta property=\"og:locale\" content=\"de_DE\" \/>\n<meta property=\"og:type\" content=\"article\" \/>\n<meta property=\"og:title\" content=\"Startseite - Loto Distribution\" \/>\n<meta property=\"og:description\" content=\"Ihr zuverl\u00e4ssiger Partner f\u00fcr Ihr Lotto-Zubeh\u00f6r seit 1991. Bingo Box, Magnetstab, Marker und magnetische Chips\" \/>\n<meta property=\"og:url\" content=\"https:\/\/loto-distribution.ch\/de\/\" \/>\n<meta property=\"og:site_name\" content=\"Loto Distribution\" \/>\n<meta property=\"article:modified_time\" content=\"2024-06-04T12:23:27+00:00\" \/>\n<meta property=\"og:image\" content=\"https:\/\/loto-distribution.ch\/wp-content\/uploads\/2024\/05\/logo-loto-distribution.png\" \/>\n\t<meta property=\"og:image:width\" content=\"1200\" \/>\n\t<meta property=\"og:image:height\" content=\"675\" \/>\n\t<meta property=\"og:image:type\" content=\"image\/png\" \/>\n<meta name=\"twitter:card\" content=\"summary_large_image\" \/>\n<meta name=\"twitter:label1\" content=\"Gesch\u00e4tzte Lesezeit\" \/>\n\t<meta name=\"twitter:data1\" content=\"7\u00a0Minuten\" \/>\n<script type=\"application\/ld+json\" class=\"yoast-schema-graph\">{\"@context\":\"https:\\\/\\\/schema.org\",\"@graph\":[{\"@type\":\"WebPage\",\"@id\":\"https:\\\/\\\/loto-distribution.ch\\\/de\\\/\",\"url\":\"https:\\\/\\\/loto-distribution.ch\\\/de\\\/\",\"name\":\"Startseite - Loto Distribution\",\"isPartOf\":{\"@id\":\"https:\\\/\\\/loto-distribution.ch\\\/de\\\/#website\"},\"datePublished\":\"2023-11-22T14:31:52+00:00\",\"dateModified\":\"2024-06-04T12:23:27+00:00\",\"description\":\"Ihr zuverl\u00e4ssiger Partner f\u00fcr Ihr Lotto-Zubeh\u00f6r seit 1991. Bingo Box, Magnetstab, Marker und magnetische Chips\",\"breadcrumb\":{\"@id\":\"https:\\\/\\\/loto-distribution.ch\\\/de\\\/#breadcrumb\"},\"inLanguage\":\"de\",\"potentialAction\":[{\"@type\":\"ReadAction\",\"target\":[\"https:\\\/\\\/loto-distribution.ch\\\/de\\\/\"]}]},{\"@type\":\"BreadcrumbList\",\"@id\":\"https:\\\/\\\/loto-distribution.ch\\\/de\\\/#breadcrumb\",\"itemListElement\":[{\"@type\":\"ListItem\",\"position\":1,\"name\":\"Accueil\",\"item\":\"https:\\\/\\\/loto-distribution.ch\\\/de\\\/\"},{\"@type\":\"ListItem\",\"position\":2,\"name\":\"Startseite\"}]},{\"@type\":\"WebSite\",\"@id\":\"https:\\\/\\\/loto-distribution.ch\\\/de\\\/#website\",\"url\":\"https:\\\/\\\/loto-distribution.ch\\\/de\\\/\",\"name\":\"Loto Distribution\",\"description\":\"Home of the Bingo Box\",\"publisher\":{\"@id\":\"https:\\\/\\\/loto-distribution.ch\\\/de\\\/#organization\"},\"potentialAction\":[{\"@type\":\"SearchAction\",\"target\":{\"@type\":\"EntryPoint\",\"urlTemplate\":\"https:\\\/\\\/loto-distribution.ch\\\/de\\\/?s={search_term_string}\"},\"query-input\":{\"@type\":\"PropertyValueSpecification\",\"valueRequired\":true,\"valueName\":\"search_term_string\"}}],\"inLanguage\":\"de\"},{\"@type\":\"Organization\",\"@id\":\"https:\\\/\\\/loto-distribution.ch\\\/de\\\/#organization\",\"name\":\"Loto Distribution\",\"url\":\"https:\\\/\\\/loto-distribution.ch\\\/de\\\/\",\"logo\":{\"@type\":\"ImageObject\",\"inLanguage\":\"de\",\"@id\":\"https:\\\/\\\/loto-distribution.ch\\\/de\\\/#\\\/schema\\\/logo\\\/image\\\/\",\"url\":\"https:\\\/\\\/loto-distribution.ch\\\/wp-content\\\/uploads\\\/2024\\\/05\\\/OR.png\",\"contentUrl\":\"https:\\\/\\\/loto-distribution.ch\\\/wp-content\\\/uploads\\\/2024\\\/05\\\/OR.png\",\"width\":4501,\"height\":4501,\"caption\":\"Loto Distribution\"},\"image\":{\"@id\":\"https:\\\/\\\/loto-distribution.ch\\\/de\\\/#\\\/schema\\\/logo\\\/image\\\/\"}}]}<\/script>\n<!-- \/ Yoast SEO plugin. -->","yoast_head_json":{"title":"Startseite - Loto Distribution","description":"Ihr zuverl\u00e4ssiger Partner f\u00fcr Ihr Lotto-Zubeh\u00f6r seit 1991. Bingo Box, Magnetstab, Marker und magnetische Chips","robots":{"index":"index","follow":"follow","max-snippet":"max-snippet:-1","max-image-preview":"max-image-preview:large","max-video-preview":"max-video-preview:-1"},"canonical":"https:\/\/loto-distribution.ch\/de\/","og_locale":"de_DE","og_type":"article","og_title":"Startseite - Loto Distribution","og_description":"Ihr zuverl\u00e4ssiger Partner f\u00fcr Ihr Lotto-Zubeh\u00f6r seit 1991. Bingo Box, Magnetstab, Marker und magnetische Chips","og_url":"https:\/\/loto-distribution.ch\/de\/","og_site_name":"Loto Distribution","article_modified_time":"2024-06-04T12:23:27+00:00","og_image":[{"width":1200,"height":675,"url":"https:\/\/loto-distribution.ch\/wp-content\/uploads\/2024\/05\/logo-loto-distribution.png","type":"image\/png"}],"twitter_card":"summary_large_image","twitter_misc":{"Gesch\u00e4tzte Lesezeit":"7\u00a0Minuten"},"schema":{"@context":"https:\/\/schema.org","@graph":[{"@type":"WebPage","@id":"https:\/\/loto-distribution.ch\/de\/","url":"https:\/\/loto-distribution.ch\/de\/","name":"Startseite - Loto Distribution","isPartOf":{"@id":"https:\/\/loto-distribution.ch\/de\/#website"},"datePublished":"2023-11-22T14:31:52+00:00","dateModified":"2024-06-04T12:23:27+00:00","description":"Ihr zuverl\u00e4ssiger Partner f\u00fcr Ihr Lotto-Zubeh\u00f6r seit 1991. Bingo Box, Magnetstab, Marker und magnetische Chips","breadcrumb":{"@id":"https:\/\/loto-distribution.ch\/de\/#breadcrumb"},"inLanguage":"de","potentialAction":[{"@type":"ReadAction","target":["https:\/\/loto-distribution.ch\/de\/"]}]},{"@type":"BreadcrumbList","@id":"https:\/\/loto-distribution.ch\/de\/#breadcrumb","itemListElement":[{"@type":"ListItem","position":1,"name":"Accueil","item":"https:\/\/loto-distribution.ch\/de\/"},{"@type":"ListItem","position":2,"name":"Startseite"}]},{"@type":"WebSite","@id":"https:\/\/loto-distribution.ch\/de\/#website","url":"https:\/\/loto-distribution.ch\/de\/","name":"Loto Distribution","description":"Home of the Bingo Box","publisher":{"@id":"https:\/\/loto-distribution.ch\/de\/#organization"},"potentialAction":[{"@type":"SearchAction","target":{"@type":"EntryPoint","urlTemplate":"https:\/\/loto-distribution.ch\/de\/?s={search_term_string}"},"query-input":{"@type":"PropertyValueSpecification","valueRequired":true,"valueName":"search_term_string"}}],"inLanguage":"de"},{"@type":"Organization","@id":"https:\/\/loto-distribution.ch\/de\/#organization","name":"Loto Distribution","url":"https:\/\/loto-distribution.ch\/de\/","logo":{"@type":"ImageObject","inLanguage":"de","@id":"https:\/\/loto-distribution.ch\/de\/#\/schema\/logo\/image\/","url":"https:\/\/loto-distribution.ch\/wp-content\/uploads\/2024\/05\/OR.png","contentUrl":"https:\/\/loto-distribution.ch\/wp-content\/uploads\/2024\/05\/OR.png","width":4501,"height":4501,"caption":"Loto Distribution"},"image":{"@id":"https:\/\/loto-distribution.ch\/de\/#\/schema\/logo\/image\/"}}]}},"_links":{"self":[{"href":"https:\/\/loto-distribution.ch\/de\/wp-json\/wp\/v2\/pages\/599","targetHints":{"allow":["GET"]}}],"collection":[{"href":"https:\/\/loto-distribution.ch\/de\/wp-json\/wp\/v2\/pages"}],"about":[{"href":"https:\/\/loto-distribution.ch\/de\/wp-json\/wp\/v2\/types\/page"}],"author":[{"embeddable":true,"href":"https:\/\/loto-distribution.ch\/de\/wp-json\/wp\/v2\/users\/2"}],"replies":[{"embeddable":true,"href":"https:\/\/loto-distribution.ch\/de\/wp-json\/wp\/v2\/comments?post=599"}],"version-history":[{"count":5,"href":"https:\/\/loto-distribution.ch\/de\/wp-json\/wp\/v2\/pages\/599\/revisions"}],"predecessor-version":[{"id":720,"href":"https:\/\/loto-distribution.ch\/de\/wp-json\/wp\/v2\/pages\/599\/revisions\/720"}],"wp:attachment":[{"href":"https:\/\/loto-distribution.ch\/de\/wp-json\/wp\/v2\/media?parent=599"}],"curies":[{"name":"wp","href":"https:\/\/api.w.org\/{rel}","templated":true}]}}